{"id":5305,"date":"2022-11-24T12:17:45","date_gmt":"2022-11-24T11:17:45","guid":{"rendered":"https:\/\/www.hotel-lapietra.com\/?page_id=5305"},"modified":"2023-03-13T11:40:11","modified_gmt":"2023-03-13T10:40:11","slug":"korsika-ile-rousse","status":"publish","type":"page","link":"https:\/\/www.hotel-lapietra.com\/de\/tourismus-hotel-ile-rousse-korsika\/korsika-ile-rousse\/","title":{"rendered":"Korsika"},"content":{"rendered":"<div data-elementor-type=\"wp-page\" data-elementor-id=\"5305\" class=\"elementor elementor-5305\" data-elementor-post-type=\"page\">\n\t\t\t\t\t\t<section class=\"elementor-section elementor-top-section elementor-element elementor-element-d6c7843 elementor-section-full_width elementor-section-height-min-height elementor-section-height-default elementor-section-items-middle\" data-id=\"d6c7843\" data-element_type=\"section\" data-settings=\"{&quot;background_background&quot;:&quot;classic&quot;}\">\n\t\t\t\t\t\t\t<div class=\"elementor-background-overlay\"><\/div>\n\t\t\t\t\t\t\t<div class=\"elementor-container elementor-column-gap-default\">\n\t\t\t\t\t<div class=\"elementor-column elementor-col-100 elementor-top-column elementor-element elementor-element-88bef6c\" data-id=\"88bef6c\" data-element_type=\"column\">\n\t\t\t<div class=\"elementor-widget-wrap elementor-element-populated\">\n\t\t\t\t\t\t\t<\/div>\n\t\t<\/div>\n\t\t\t\t\t<\/div>\n\t\t<\/section>\n\t\t\t\t<section class=\"elementor-section elementor-top-section elementor-element elementor-element-99f5059 elementor-section-boxed elementor-section-height-default elementor-section-height-default\" data-id=\"99f5059\" data-element_type=\"section\" data-settings=\"{&quot;background_background&quot;:&quot;classic&quot;}\">\n\t\t\t\t\t\t\t<div class=\"elementor-background-overlay\"><\/div>\n\t\t\t\t\t\t\t<div class=\"elementor-container elementor-column-gap-default\">\n\t\t\t\t\t<div class=\"elementor-column elementor-col-50 elementor-top-column elementor-element elementor-element-caa8998\" data-id=\"caa8998\" data-element_type=\"column\">\n\t\t\t<div class=\"elementor-widget-wrap elementor-element-populated\">\n\t\t\t\t\t\t<div class=\"elementor-element elementor-element-d9f3b11 elementor-widget elementor-widget-heading\" data-id=\"d9f3b11\" data-element_type=\"widget\" data-widget_type=\"heading.default\">\n\t\t\t\t<div class=\"elementor-widget-container\">\n\t\t\t\t\t<h2 class=\"elementor-heading-title elementor-size-default\">Haute Corse, \u00cele Rousse, Bastia, eine Vielzahl an m\u00f6glichen Vergn\u00fcgungen<\/h2>\t\t\t\t<\/div>\n\t\t\t\t<\/div>\n\t\t\t\t<div class=\"elementor-element elementor-element-fb25cbd elementor-widget elementor-widget-text-editor\" data-id=\"fb25cbd\" data-element_type=\"widget\" data-widget_type=\"text-editor.default\">\n\t\t\t\t<div class=\"elementor-widget-container\">\n\t\t\t\t\t\t\t\t\t<p>Wie auch immer Ihr Aufenthalt bei uns in unserem korsischen Hotel am Meer aussehen mag, es w\u00e4re zweifellos vern\u00fcnftig, Sie davon zu \u00fcberzeugen, dass er leider zu kurz sein wird. Zu kurz, um alles in einem einzigen Schwung zu erfassen, so vielf\u00e4ltig ist unser Korsika in seiner Einheit, so vielf\u00e4ltig in seiner Identit\u00e4t.<\/p>\t\t\t\t\t\t\t\t<\/div>\n\t\t\t\t<\/div>\n\t\t\t\t<section class=\"elementor-section elementor-inner-section elementor-element elementor-element-57b5f92 elementor-section-boxed elementor-section-height-default elementor-section-height-default\" data-id=\"57b5f92\" data-element_type=\"section\">\n\t\t\t\t\t\t<div class=\"elementor-container elementor-column-gap-default\">\n\t\t\t\t\t<div class=\"elementor-column elementor-col-100 elementor-inner-column elementor-element elementor-element-f4de202\" data-id=\"f4de202\" data-element_type=\"column\" data-settings=\"{&quot;background_background&quot;:&quot;classic&quot;}\">\n\t\t\t<div class=\"elementor-widget-wrap elementor-element-populated\">\n\t\t\t\t\t<div class=\"elementor-background-overlay\"><\/div>\n\t\t\t\t\t\t<div class=\"elementor-element elementor-element-e3cbca8 elementor-widget elementor-widget-spacer\" data-id=\"e3cbca8\" data-element_type=\"widget\" data-widget_type=\"spacer.default\">\n\t\t\t\t<div class=\"elementor-widget-container\">\n\t\t\t\t\t\t\t<div class=\"elementor-spacer\">\n\t\t\t<div class=\"elementor-spacer-inner\"><\/div>\n\t\t<\/div>\n\t\t\t\t\t\t<\/div>\n\t\t\t\t<\/div>\n\t\t\t\t\t<\/div>\n\t\t<\/div>\n\t\t\t\t\t<\/div>\n\t\t<\/section>\n\t\t\t\t<div class=\"elementor-element elementor-element-f0c852e elementor-widget elementor-widget-text-editor\" data-id=\"f0c852e\" data-element_type=\"widget\" data-widget_type=\"text-editor.default\">\n\t\t\t\t<div class=\"elementor-widget-container\">\n\t\t\t\t\t\t\t\t\t<p>Zu kurz f\u00fcr Bastia, dessen Tourismusb\u00fcro unter anderem eine Stadtbesichtigung unter einigen ihrer ungew\u00f6hnlichsten Aspekte anbietet, von der Place Saint Nicolas bis zu einigen der bemerkenswertesten Kirchen, von Stadtteil zu Stadtteil, wobei in den schattigen Gassen der Altstadt mit lebhaften Worten Portr\u00e4ts von lokalen Pers\u00f6nlichkeiten gezeichnet werden.<\/p><p>Zu kurz f\u00fcr das Cap Corse und seine Fischerd\u00f6rfer, von denen jedes seinen eigenen Charme hat und die sich entlang der K\u00fcste auf beiden Seiten der Serra verteilen. Zu kurz f\u00fcr die D\u00e9sert des Agriates, eine gro\u00dfe, unber\u00fchrte Naturlandschaft, in der die Macchia den gr\u00fcnen Rahmen f\u00fcr die beiden perlmuttfarbenen Perlen, die Str\u00e4nde von Saleccia und Lotu, bildet.<\/p>\t\t\t\t\t\t\t\t<\/div>\n\t\t\t\t<\/div>\n\t\t\t\t\t<\/div>\n\t\t<\/div>\n\t\t\t\t<div class=\"elementor-column elementor-col-50 elementor-top-column elementor-element elementor-element-0e33b50\" data-id=\"0e33b50\" data-element_type=\"column\">\n\t\t\t<div class=\"elementor-widget-wrap elementor-element-populated\">\n\t\t\t\t\t\t<div class=\"elementor-element elementor-element-eb64b02 elementor-widget elementor-widget-image\" data-id=\"eb64b02\" data-element_type=\"widget\" data-widget_type=\"image.default\">\n\t\t\t\t<div class=\"elementor-widget-container\">\n\t\t\t\t\t\t\t\t\t\t\t\t\t\t\t<img fetchpriority=\"high\" decoding=\"async\" width=\"2121\" height=\"1414\" src=\"https:\/\/www.hotel-lapietra.com\/wp-content\/uploads\/2023\/01\/Corse-ile-rousse.jpg\" class=\"attachment-full size-full wp-image-7973\" alt=\"foto-crose-ile-rousse-mer\" srcset=\"https:\/\/www.hotel-lapietra.com\/wp-content\/uploads\/2023\/01\/Corse-ile-rousse.jpg 2121w, https:\/\/www.hotel-lapietra.com\/wp-content\/uploads\/2023\/01\/Corse-ile-rousse-300x200.jpg 300w, https:\/\/www.hotel-lapietra.com\/wp-content\/uploads\/2023\/01\/Corse-ile-rousse-1024x683.jpg 1024w, https:\/\/www.hotel-lapietra.com\/wp-content\/uploads\/2023\/01\/Corse-ile-rousse-768x512.jpg 768w, https:\/\/www.hotel-lapietra.com\/wp-content\/uploads\/2023\/01\/Corse-ile-rousse-1536x1024.jpg 1536w, https:\/\/www.hotel-lapietra.com\/wp-content\/uploads\/2023\/01\/Corse-ile-rousse-2048x1365.jpg 2048w, https:\/\/www.hotel-lapietra.com\/wp-content\/uploads\/2023\/01\/Corse-ile-rousse-18x12.jpg 18w\" sizes=\"(max-width: 2121px) 100vw, 2121px\" title=\"Foto -\">\t\t\t\t\t\t\t\t\t\t\t\t\t\t\t<\/div>\n\t\t\t\t<\/div>\n\t\t\t\t\t<\/div>\n\t\t<\/div>\n\t\t\t\t\t<\/div>\n\t\t<\/section>\n\t\t\t\t<section class=\"elementor-section elementor-top-section elementor-element elementor-element-a644436 elementor-section-full_width elementor-section-height-default elementor-section-height-default\" data-id=\"a644436\" data-element_type=\"section\">\n\t\t\t\t\t\t<div class=\"elementor-container elementor-column-gap-default\">\n\t\t\t\t\t<div class=\"elementor-column elementor-col-100 elementor-top-column elementor-element elementor-element-f3e776b\" data-id=\"f3e776b\" data-element_type=\"column\">\n\t\t\t<div class=\"elementor-widget-wrap elementor-element-populated\">\n\t\t\t\t\t\t<section class=\"elementor-section elementor-inner-section elementor-element elementor-element-c8d6fd3 elementor-section-full_width elementor-reverse-tablet elementor-reverse-mobile elementor-section-height-default elementor-section-height-default\" data-id=\"c8d6fd3\" data-element_type=\"section\">\n\t\t\t\t\t\t<div class=\"elementor-container elementor-column-gap-default\">\n\t\t\t\t\t<div class=\"elementor-column elementor-col-50 elementor-inner-column elementor-element elementor-element-fe80958\" data-id=\"fe80958\" data-element_type=\"column\">\n\t\t\t<div class=\"elementor-widget-wrap elementor-element-populated\">\n\t\t\t\t\t\t<div class=\"elementor-element elementor-element-cf0869f elementor-widget elementor-widget-image\" data-id=\"cf0869f\" data-element_type=\"widget\" data-widget_type=\"image.default\">\n\t\t\t\t<div class=\"elementor-widget-container\">\n\t\t\t\t\t\t\t\t\t\t\t\t\t\t\t<img decoding=\"async\" width=\"2311\" height=\"1297\" src=\"https:\/\/www.hotel-lapietra.com\/wp-content\/uploads\/2023\/01\/corse-1.jpg\" class=\"attachment-full size-full wp-image-7976\" alt=\"photo-cote-mer-corse-ile-rousse\" srcset=\"https:\/\/www.hotel-lapietra.com\/wp-content\/uploads\/2023\/01\/corse-1.jpg 2311w, https:\/\/www.hotel-lapietra.com\/wp-content\/uploads\/2023\/01\/corse-1-300x168.jpg 300w, https:\/\/www.hotel-lapietra.com\/wp-content\/uploads\/2023\/01\/corse-1-1024x575.jpg 1024w, https:\/\/www.hotel-lapietra.com\/wp-content\/uploads\/2023\/01\/corse-1-768x431.jpg 768w, https:\/\/www.hotel-lapietra.com\/wp-content\/uploads\/2023\/01\/corse-1-1536x862.jpg 1536w, https:\/\/www.hotel-lapietra.com\/wp-content\/uploads\/2023\/01\/corse-1-2048x1149.jpg 2048w, https:\/\/www.hotel-lapietra.com\/wp-content\/uploads\/2023\/01\/corse-1-18x10.jpg 18w\" sizes=\"(max-width: 2311px) 100vw, 2311px\" title=\"Foto -\">\t\t\t\t\t\t\t\t\t\t\t\t\t\t\t<\/div>\n\t\t\t\t<\/div>\n\t\t\t\t\t<\/div>\n\t\t<\/div>\n\t\t\t\t<div class=\"elementor-column elementor-col-50 elementor-inner-column elementor-element elementor-element-dc3893d\" data-id=\"dc3893d\" data-element_type=\"column\">\n\t\t\t<div class=\"elementor-widget-wrap elementor-element-populated\">\n\t\t\t\t\t\t<div class=\"elementor-element elementor-element-b9e5ad5 elementor-widget elementor-widget-heading\" data-id=\"b9e5ad5\" data-element_type=\"widget\" data-widget_type=\"heading.default\">\n\t\t\t\t<div class=\"elementor-widget-container\">\n\t\t\t\t\t<h2 class=\"elementor-heading-title elementor-size-default\">Und auch viele Gl\u00fccksmomente in S\u00fcdkorsika<\/h2>\t\t\t\t<\/div>\n\t\t\t\t<\/div>\n\t\t\t\t<section class=\"elementor-section elementor-inner-section elementor-element elementor-element-f0ad62c elementor-section-boxed elementor-section-height-default elementor-section-height-default\" data-id=\"f0ad62c\" data-element_type=\"section\">\n\t\t\t\t\t\t<div class=\"elementor-container elementor-column-gap-default\">\n\t\t\t\t\t<div class=\"elementor-column elementor-col-100 elementor-inner-column elementor-element elementor-element-4a49317\" data-id=\"4a49317\" data-element_type=\"column\" data-settings=\"{&quot;background_background&quot;:&quot;classic&quot;}\">\n\t\t\t<div class=\"elementor-widget-wrap elementor-element-populated\">\n\t\t\t\t\t<div class=\"elementor-background-overlay\"><\/div>\n\t\t\t\t\t\t<div class=\"elementor-element elementor-element-4ab023e elementor-widget elementor-widget-spacer\" data-id=\"4ab023e\" data-element_type=\"widget\" data-widget_type=\"spacer.default\">\n\t\t\t\t<div class=\"elementor-widget-container\">\n\t\t\t\t\t\t\t<div class=\"elementor-spacer\">\n\t\t\t<div class=\"elementor-spacer-inner\"><\/div>\n\t\t<\/div>\n\t\t\t\t\t\t<\/div>\n\t\t\t\t<\/div>\n\t\t\t\t\t<\/div>\n\t\t<\/div>\n\t\t\t\t\t<\/div>\n\t\t<\/section>\n\t\t\t\t<div class=\"elementor-element elementor-element-3255694 elementor-widget elementor-widget-text-editor\" data-id=\"3255694\" data-element_type=\"widget\" data-widget_type=\"text-editor.default\">\n\t\t\t\t<div class=\"elementor-widget-container\">\n\t\t\t\t\t\t\t\t\t<p>Zu kurz f\u00fcr den Golf von Porto, dessen Relevanz f\u00fcr die Aufnahme in die Liste des UNESCO-Weltkulturerbes von Anfang an klar ist.<\/p><p>\u00a0<\/p><p>Zu kurz f\u00fcr Ajaccio, die Kaiser- und Korallenstadt, die Wiege der Buonapartes, die ihnen auf tausendfache Weise Ehre erweist. Zu kurz f\u00fcr das Restonica-Tal, dessen frisches, klares Wasser Einheimischen wie Touristen so viele Freizeitaktivit\u00e4ten und Freuden beschert.<\/p><p>\u00a0<\/p><p>Zu kurz f\u00fcr Bonifacio, dessen Jachthafen ein Spektakel f\u00fcr sich ist, so nah an den oft st\u00fcrmischen Gew\u00e4ssern seiner \"Bouches\", die streng und uneinnehmbar von der mittelalterlichen Zitadelle \u00fcberragt werden, die auf ihrer Klippe thront, nur einen Steinwurf von den unbewohnten Lavezzi-Inseln entfernt... Zu kurz, um das ganze Salz dieser kleinen, riesigen Insel zu kosten... aber Sie werden wiederkommen!<\/p>\t\t\t\t\t\t\t\t<\/div>\n\t\t\t\t<\/div>\n\t\t\t\t\t<\/div>\n\t\t<\/div>\n\t\t\t\t\t<\/div>\n\t\t<\/section>\n\t\t\t\t<section class=\"elementor-section elementor-inner-section elementor-element elementor-element-0b23527 elementor-section-height-min-height elementor-section-boxed elementor-section-height-default\" data-id=\"0b23527\" data-element_type=\"section\" data-settings=\"{&quot;background_background&quot;:&quot;classic&quot;}\">\n\t\t\t\t\t\t\t<div class=\"elementor-background-overlay\"><\/div>\n\t\t\t\t\t\t\t<div class=\"elementor-container elementor-column-gap-default\">\n\t\t\t\t\t<div class=\"elementor-column elementor-col-100 elementor-inner-column elementor-element elementor-element-73b4ee9\" data-id=\"73b4ee9\" data-element_type=\"column\">\n\t\t\t<div class=\"elementor-widget-wrap\">\n\t\t\t\t\t\t\t<\/div>\n\t\t<\/div>\n\t\t\t\t\t<\/div>\n\t\t<\/section>\n\t\t\t\t\t<\/div>\n\t\t<\/div>\n\t\t\t\t\t<\/div>\n\t\t<\/section>\n\t\t\t\t<section class=\"elementor-section elementor-top-section elementor-element elementor-element-4d54fe9 elementor-section-full_width elementor-section-height-default elementor-section-height-default\" data-id=\"4d54fe9\" data-element_type=\"section\" data-settings=\"{&quot;background_background&quot;:&quot;classic&quot;}\">\n\t\t\t\t\t\t\t<div class=\"elementor-background-overlay\"><\/div>\n\t\t\t\t\t\t\t<div class=\"elementor-container elementor-column-gap-narrow\">\n\t\t\t\t\t<div class=\"elementor-column elementor-col-100 elementor-top-column elementor-element elementor-element-de54cb7\" data-id=\"de54cb7\" data-element_type=\"column\">\n\t\t\t<div class=\"elementor-widget-wrap elementor-element-populated\">\n\t\t\t\t\t\t<div class=\"elementor-element elementor-element-0923c44 elementor-widget elementor-widget-heading\" data-id=\"0923c44\" data-element_type=\"widget\" data-widget_type=\"heading.default\">\n\t\t\t\t<div class=\"elementor-widget-container\">\n\t\t\t\t\t<h2 class=\"elementor-heading-title elementor-size-default\">Entdecken Sie auch<\/h2>\t\t\t\t<\/div>\n\t\t\t\t<\/div>\n\t\t\t\t<section class=\"elementor-section elementor-inner-section elementor-element elementor-element-575b2ba elementor-section-boxed elementor-section-height-default elementor-section-height-default\" data-id=\"575b2ba\" data-element_type=\"section\">\n\t\t\t\t\t\t<div class=\"elementor-container elementor-column-gap-default\">\n\t\t\t\t\t<div class=\"elementor-column elementor-col-33 elementor-inner-column elementor-element elementor-element-5713d81\" data-id=\"5713d81\" data-element_type=\"column\">\n\t\t\t<div class=\"elementor-widget-wrap elementor-element-populated\">\n\t\t\t\t\t\t<div class=\"elementor-element elementor-element-5ddba2b elementor-widget elementor-widget-image\" data-id=\"5ddba2b\" data-element_type=\"widget\" data-widget_type=\"image.default\">\n\t\t\t\t<div class=\"elementor-widget-container\">\n\t\t\t\t\t\t\t\t\t\t\t\t\t\t\t<img decoding=\"async\" width=\"2121\" height=\"1414\" src=\"https:\/\/www.hotel-lapietra.com\/wp-content\/uploads\/2023\/01\/Speloncato-balagne.jpg\" class=\"attachment-full size-full wp-image-7993\" alt=\"foto-village-speloncato-hotel-balagne\" srcset=\"https:\/\/www.hotel-lapietra.com\/wp-content\/uploads\/2023\/01\/Speloncato-balagne.jpg 2121w, https:\/\/www.hotel-lapietra.com\/wp-content\/uploads\/2023\/01\/Speloncato-balagne-300x200.jpg 300w, https:\/\/www.hotel-lapietra.com\/wp-content\/uploads\/2023\/01\/Speloncato-balagne-1024x683.jpg 1024w, https:\/\/www.hotel-lapietra.com\/wp-content\/uploads\/2023\/01\/Speloncato-balagne-768x512.jpg 768w, https:\/\/www.hotel-lapietra.com\/wp-content\/uploads\/2023\/01\/Speloncato-balagne-1536x1024.jpg 1536w, https:\/\/www.hotel-lapietra.com\/wp-content\/uploads\/2023\/01\/Speloncato-balagne-2048x1365.jpg 2048w, https:\/\/www.hotel-lapietra.com\/wp-content\/uploads\/2023\/01\/Speloncato-balagne-18x12.jpg 18w\" sizes=\"(max-width: 2121px) 100vw, 2121px\" title=\"Foto -\">\t\t\t\t\t\t\t\t\t\t\t\t\t\t\t<\/div>\n\t\t\t\t<\/div>\n\t\t\t\t<div class=\"elementor-element elementor-element-6c8c34c elementor-widget elementor-widget-heading\" data-id=\"6c8c34c\" data-element_type=\"widget\" data-widget_type=\"heading.default\">\n\t\t\t\t<div class=\"elementor-widget-container\">\n\t\t\t\t\t<h3 class=\"elementor-heading-title elementor-size-default\">Die Balagne<\/h3>\t\t\t\t<\/div>\n\t\t\t\t<\/div>\n\t\t\t\t<div class=\"elementor-element elementor-element-d03aa0b elementor-align-center elementor-widget elementor-widget-button\" data-id=\"d03aa0b\" data-element_type=\"widget\" data-widget_type=\"button.default\">\n\t\t\t\t<div class=\"elementor-widget-container\">\n\t\t\t\t\t\t\t\t\t<div class=\"elementor-button-wrapper\">\n\t\t\t\t\t<a class=\"elementor-button elementor-button-link elementor-size-sm\" href=\"https:\/\/www.hotel-lapietra.com\/de\/tourismus-hotel-ile-rousse-korsika\/balagne-hotel-balagne\/\">\n\t\t\t\t\t\t<span class=\"elementor-button-content-wrapper\">\n\t\t\t\t\t\t\t\t\t<span class=\"elementor-button-text\">Mehr sehen<\/span>\n\t\t\t\t\t<\/span>\n\t\t\t\t\t<\/a>\n\t\t\t\t<\/div>\n\t\t\t\t\t\t\t\t<\/div>\n\t\t\t\t<\/div>\n\t\t\t\t\t<\/div>\n\t\t<\/div>\n\t\t\t\t<div class=\"elementor-column elementor-col-33 elementor-inner-column elementor-element elementor-element-4895b0f\" data-id=\"4895b0f\" data-element_type=\"column\">\n\t\t\t<div class=\"elementor-widget-wrap elementor-element-populated\">\n\t\t\t\t\t\t<div class=\"elementor-element elementor-element-125e731 elementor-widget elementor-widget-image\" data-id=\"125e731\" data-element_type=\"widget\" data-widget_type=\"image.default\">\n\t\t\t\t<div class=\"elementor-widget-container\">\n\t\t\t\t\t\t\t\t\t\t\t\t\t\t\t<img loading=\"lazy\" decoding=\"async\" width=\"2121\" height=\"1414\" src=\"https:\/\/www.hotel-lapietra.com\/wp-content\/uploads\/2023\/01\/ile-rousse.jpg\" class=\"attachment-full size-full wp-image-7980\" alt=\"landschaftsfoto-ile-rousse-hotel\" srcset=\"https:\/\/www.hotel-lapietra.com\/wp-content\/uploads\/2023\/01\/ile-rousse.jpg 2121w, https:\/\/www.hotel-lapietra.com\/wp-content\/uploads\/2023\/01\/ile-rousse-300x200.jpg 300w, https:\/\/www.hotel-lapietra.com\/wp-content\/uploads\/2023\/01\/ile-rousse-1024x683.jpg 1024w, https:\/\/www.hotel-lapietra.com\/wp-content\/uploads\/2023\/01\/ile-rousse-768x512.jpg 768w, https:\/\/www.hotel-lapietra.com\/wp-content\/uploads\/2023\/01\/ile-rousse-1536x1024.jpg 1536w, https:\/\/www.hotel-lapietra.com\/wp-content\/uploads\/2023\/01\/ile-rousse-2048x1365.jpg 2048w, https:\/\/www.hotel-lapietra.com\/wp-content\/uploads\/2023\/01\/ile-rousse-18x12.jpg 18w\" sizes=\"(max-width: 2121px) 100vw, 2121px\" title=\"Foto -\">\t\t\t\t\t\t\t\t\t\t\t\t\t\t\t<\/div>\n\t\t\t\t<\/div>\n\t\t\t\t<div class=\"elementor-element elementor-element-ff23c54 elementor-widget elementor-widget-heading\" data-id=\"ff23c54\" data-element_type=\"widget\" data-widget_type=\"heading.default\">\n\t\t\t\t<div class=\"elementor-widget-container\">\n\t\t\t\t\t<h3 class=\"elementor-heading-title elementor-size-default\">Die rothaarige Insel<\/h3>\t\t\t\t<\/div>\n\t\t\t\t<\/div>\n\t\t\t\t<div class=\"elementor-element elementor-element-87e84c4 elementor-align-center elementor-widget elementor-widget-button\" data-id=\"87e84c4\" data-element_type=\"widget\" data-widget_type=\"button.default\">\n\t\t\t\t<div class=\"elementor-widget-container\">\n\t\t\t\t\t\t\t\t\t<div class=\"elementor-button-wrapper\">\n\t\t\t\t\t<a class=\"elementor-button elementor-button-link elementor-size-sm\" href=\"https:\/\/www.hotel-lapietra.com\/de\/tourismus-hotel-ile-rousse-korsika\/lile-rousse-strand-von-lile-rousse\/\">\n\t\t\t\t\t\t<span class=\"elementor-button-content-wrapper\">\n\t\t\t\t\t\t\t\t\t<span class=\"elementor-button-text\">Mehr sehen<\/span>\n\t\t\t\t\t<\/span>\n\t\t\t\t\t<\/a>\n\t\t\t\t<\/div>\n\t\t\t\t\t\t\t\t<\/div>\n\t\t\t\t<\/div>\n\t\t\t\t\t<\/div>\n\t\t<\/div>\n\t\t\t\t<div class=\"elementor-column elementor-col-33 elementor-inner-column elementor-element elementor-element-05882db\" data-id=\"05882db\" data-element_type=\"column\">\n\t\t\t<div class=\"elementor-widget-wrap elementor-element-populated\">\n\t\t\t\t\t\t<div class=\"elementor-element elementor-element-ee5700d elementor-widget elementor-widget-image\" data-id=\"ee5700d\" data-element_type=\"widget\" data-widget_type=\"image.default\">\n\t\t\t\t<div class=\"elementor-widget-container\">\n\t\t\t\t\t\t\t\t\t\t\t\t\t\t\t<img decoding=\"async\" width=\"2311\" height=\"1297\" src=\"https:\/\/www.hotel-lapietra.com\/wp-content\/uploads\/2023\/01\/corse-1.jpg\" class=\"attachment-full size-full wp-image-7976\" alt=\"photo-cote-mer-corse-ile-rousse\" srcset=\"https:\/\/www.hotel-lapietra.com\/wp-content\/uploads\/2023\/01\/corse-1.jpg 2311w, https:\/\/www.hotel-lapietra.com\/wp-content\/uploads\/2023\/01\/corse-1-300x168.jpg 300w, https:\/\/www.hotel-lapietra.com\/wp-content\/uploads\/2023\/01\/corse-1-1024x575.jpg 1024w, https:\/\/www.hotel-lapietra.com\/wp-content\/uploads\/2023\/01\/corse-1-768x431.jpg 768w, https:\/\/www.hotel-lapietra.com\/wp-content\/uploads\/2023\/01\/corse-1-1536x862.jpg 1536w, https:\/\/www.hotel-lapietra.com\/wp-content\/uploads\/2023\/01\/corse-1-2048x1149.jpg 2048w, https:\/\/www.hotel-lapietra.com\/wp-content\/uploads\/2023\/01\/corse-1-18x10.jpg 18w\" sizes=\"(max-width: 2311px) 100vw, 2311px\" title=\"Foto -\">\t\t\t\t\t\t\t\t\t\t\t\t\t\t\t<\/div>\n\t\t\t\t<\/div>\n\t\t\t\t<div class=\"elementor-element elementor-element-03ecb3d elementor-widget elementor-widget-heading\" data-id=\"03ecb3d\" data-element_type=\"widget\" data-widget_type=\"heading.default\">\n\t\t\t\t<div class=\"elementor-widget-container\">\n\t\t\t\t\t<h3 class=\"elementor-heading-title elementor-size-default\"><a href=\"https:\/\/www.hotel-lapietra.com\/de\/tourismus-hotel-ile-rousse-korsika\/\">Tourismus<\/a><\/h3>\t\t\t\t<\/div>\n\t\t\t\t<\/div>\n\t\t\t\t<div class=\"elementor-element elementor-element-8e54395 elementor-align-center elementor-widget elementor-widget-button\" data-id=\"8e54395\" data-element_type=\"widget\" data-widget_type=\"button.default\">\n\t\t\t\t<div class=\"elementor-widget-container\">\n\t\t\t\t\t\t\t\t\t<div class=\"elementor-button-wrapper\">\n\t\t\t\t\t<a class=\"elementor-button elementor-button-link elementor-size-sm\" href=\"#\">\n\t\t\t\t\t\t<span class=\"elementor-button-content-wrapper\">\n\t\t\t\t\t\t\t\t\t<span class=\"elementor-button-text\">Mehr sehen<\/span>\n\t\t\t\t\t<\/span>\n\t\t\t\t\t<\/a>\n\t\t\t\t<\/div>\n\t\t\t\t\t\t\t\t<\/div>\n\t\t\t\t<\/div>\n\t\t\t\t\t<\/div>\n\t\t<\/div>\n\t\t\t\t\t<\/div>\n\t\t<\/section>\n\t\t\t\t\t<\/div>\n\t\t<\/div>\n\t\t\t\t\t<\/div>\n\t\t<\/section>\n\t\t\t\t<\/div>","protected":false},"excerpt":{"rendered":"<p>Haute Corse, \u00cele Rousse, Bastia, eine Vielzahl an m\u00f6glichen Vergn\u00fcgungen Wie auch immer Ihr Aufenthalt bei uns in unserem korsischen Hotel am Meer aussehen mag, es w\u00e4re zweifellos vern\u00fcnftig, Sie davon zu \u00fcberzeugen, dass er leider zu kurz sein wird. Zu kurz, um alles mit einem einzigen Schwung zu umarmen, so vielf\u00e4ltig ist unser Korsika in seiner Einheit, [...].<\/p>","protected":false},"author":11,"featured_media":0,"parent":368,"menu_order":0,"comment_status":"closed","ping_status":"closed","template":"","meta":{"inline_featured_image":false,"footnotes":""},"class_list":["post-5305","page","type-page","status-publish","hentry"],"_links":{"self":[{"href":"https:\/\/www.hotel-lapietra.com\/de\/wp-json\/wp\/v2\/pages\/5305","targetHints":{"allow":["GET"]}}],"collection":[{"href":"https:\/\/www.hotel-lapietra.com\/de\/wp-json\/wp\/v2\/pages"}],"about":[{"href":"https:\/\/www.hotel-lapietra.com\/de\/wp-json\/wp\/v2\/types\/page"}],"author":[{"embeddable":true,"href":"https:\/\/www.hotel-lapietra.com\/de\/wp-json\/wp\/v2\/users\/11"}],"replies":[{"embeddable":true,"href":"https:\/\/www.hotel-lapietra.com\/de\/wp-json\/wp\/v2\/comments?post=5305"}],"version-history":[{"count":163,"href":"https:\/\/www.hotel-lapietra.com\/de\/wp-json\/wp\/v2\/pages\/5305\/revisions"}],"predecessor-version":[{"id":9217,"href":"https:\/\/www.hotel-lapietra.com\/de\/wp-json\/wp\/v2\/pages\/5305\/revisions\/9217"}],"up":[{"embeddable":true,"href":"https:\/\/www.hotel-lapietra.com\/de\/wp-json\/wp\/v2\/pages\/368"}],"wp:attachment":[{"href":"https:\/\/www.hotel-lapietra.com\/de\/wp-json\/wp\/v2\/media?parent=5305"}],"curies":[{"name":"wp","href":"https:\/\/api.w.org\/{rel}","templated":true}]}}