{"id":7519,"date":"2023-01-20T12:14:33","date_gmt":"2023-01-20T11:14:33","guid":{"rendered":"https:\/\/www.hotel-lapietra.com\/?page_id=7519"},"modified":"2024-07-14T09:16:50","modified_gmt":"2024-07-14T07:16:50","slug":"mehr-infos","status":"publish","type":"page","link":"https:\/\/www.hotel-lapietra.com\/de\/mehr-infos\/","title":{"rendered":"Weitere Informationen"},"content":{"rendered":"<div data-elementor-type=\"wp-page\" data-elementor-id=\"7519\" class=\"elementor elementor-7519\" data-elementor-post-type=\"page\">\n\t\t\t\t\t\t<section class=\"elementor-section elementor-top-section elementor-element elementor-element-6a615d48 elementor-section-full_width elementor-section-height-full elementor-section-height-default elementor-section-items-middle\" data-id=\"6a615d48\" data-element_type=\"section\" data-settings=\"{&quot;background_background&quot;:&quot;classic&quot;}\">\n\t\t\t\t\t\t\t<div class=\"elementor-background-overlay\"><\/div>\n\t\t\t\t\t\t\t<div class=\"elementor-container elementor-column-gap-default\">\n\t\t\t\t\t<div class=\"elementor-column elementor-col-100 elementor-top-column elementor-element elementor-element-049a6b4\" data-id=\"049a6b4\" data-element_type=\"column\">\n\t\t\t<div class=\"elementor-widget-wrap elementor-element-populated\">\n\t\t\t\t\t\t<div class=\"elementor-element elementor-element-2c878d8 elementor-widget elementor-widget-heading\" data-id=\"2c878d8\" data-element_type=\"widget\" data-widget_type=\"heading.default\">\n\t\t\t\t<div class=\"elementor-widget-container\">\n\t\t\t\t\t<h1 class=\"elementor-heading-title elementor-size-default\">Hotel \u00cele Rousse<\/h1>\t\t\t\t<\/div>\n\t\t\t\t<\/div>\n\t\t\t\t\t<\/div>\n\t\t<\/div>\n\t\t\t\t\t<\/div>\n\t\t<\/section>\n\t\t\t\t<section class=\"elementor-section elementor-top-section elementor-element elementor-element-dde8c9b elementor-section-boxed elementor-section-height-default elementor-section-height-default\" data-id=\"dde8c9b\" data-element_type=\"section\">\n\t\t\t\t\t\t<div class=\"elementor-container elementor-column-gap-default\">\n\t\t\t\t\t<div class=\"elementor-column elementor-col-100 elementor-top-column elementor-element elementor-element-f2aea61\" data-id=\"f2aea61\" data-element_type=\"column\">\n\t\t\t<div class=\"elementor-widget-wrap elementor-element-populated\">\n\t\t\t\t\t\t<div class=\"elementor-element elementor-element-2cea83c elementor-widget elementor-widget-text-editor\" data-id=\"2cea83c\" data-element_type=\"widget\" data-widget_type=\"text-editor.default\">\n\t\t\t\t<div class=\"elementor-widget-container\">\n\t\t\t\t\t\t\t\t\t<h2 class=\"titresTypeh2\">3-Sterne-Hotel La Pietra<\/h2>\n<div class=\"content\">\n<p>Lust auf Geselligkeit und Wohlbefinden f\u00fcr Ihre n\u00e4chsten&nbsp;<a href=\"https:\/\/www.hotel-lapietra.com\/fr\/hotel-corse-vue-mer.html\">Urlaub auf Korsika<\/a>&nbsp;? Warum entdecken Sie nicht mit uns die sch\u00f6ne Stadt Paolina, L''?<a href=\"https:\/\/www.hotel-lapietra.com\/fr\/hotel-corse-vue-mer\/visiter-ile-rousse-corse.html\">Ile-Rousse<\/a>&#8230;<\/p>\n<p>Dominierend einen der sch\u00f6nsten Golfe des Mittelmeers, im Nordwesten Korsikas im Herzen der&nbsp;<a href=\"https:\/\/www.hotel-lapietra.com\/fr\/hotel-corse-vue-mer\/visiter-balagne-corse.html\">Balagne<\/a>In L'Ile-Rousse ist ein Ort, an dem man nicht vorbeikommt und der Geselligkeit und Wohlbefinden f\u00fcr die ganze Familie verbindet.<\/p>\n<p><\/p>\n<p>Schon bei Ihrer Ankunft werden Sie von seinem Place Paoli begeistert sein. Sie k\u00f6nnen sich von den schattigen Terrassen der Caf\u00e9s verf\u00fchren lassen oder auf einer Bank flanieren und die Einfachheit des Lebens bewundern. Und wenn Sie sich nach etwas Unterhaltung sehnen, wird Ihnen ein Abstecher zu den improvisierten Boule-Pl\u00e4tzen sch\u00f6ne Momente der Entspannung bescheren.<\/p>\n<p><\/p>\n<p>In L'Ile-Rousse gibt es auch drei sch\u00f6ne Str\u00e4nde mit feinem Sand. Hier findet jeder sein Gl\u00fcck: Segelclub, Jet-Ski, Bojen f\u00fcr die Sportlichsten, Liegest\u00fchle und Sonnenb\u00e4der f\u00fcr die Sonnenanbeter, und nicht zu vergessen das Lieblingsgebiet unserer h\u00fcbschen blonden K\u00f6pfe, die sich wunderbare Geschichten \u00fcber Sandburgen ausdenken k\u00f6nnen... L'Rle-Rousse ist ein Ort, an dem man sich wohlf\u00fchlt.<a href=\"https:\/\/www.hotel-lapietra.com\/fr\/\">hotel La Pietra<\/a>&nbsp;empf\u00e4ngt Sie f\u00fcr einen unvergesslichen Aufenthalt auf Korsika.<\/p>\n<p>Aber L'Ile-Rousse ist nicht nur das Meer! Sie k\u00f6nnen auf Entdeckungsreise durch die D\u00f6rfer gehen, die die Geschichte der Insel gepr\u00e4gt haben: Corbara, Monticello, Pigna, Santa Reparata und Sant'Antonino werden Ihnen in einer gepflasterten Gasse oder auf einem Platz ihre Geheimnisse verraten. Und wenn Sie Lust haben, k\u00f6nnen Sie auf den Wanderwegen auf den Spuren der alten Maultiertreiber der Balagne wandeln. Nicht zu vergessen ist das Reginu-Tal, wo Ihnen der 9-Loch-Golfplatz ein Greenfee mitten in der Natur verspricht.<\/p>\n<p><\/p>\n<p>Handwerker, Kulturerbe, Strand und Geselligkeit - das sind die Zutaten, mit denen Sie Ihren n\u00e4chsten Urlaub in L'Ile-Rousse zu einem au\u00dfergew\u00f6hnlichen Aufenthalt machen k\u00f6nnen! F\u00fcr einen wunderbaren Aufenthalt schlafen Sie in einem&nbsp;<a href=\"https:\/\/www.hotel-lapietra.com\/fr\/chambres-balagne.html\">Zimmer im Hotel La Pietra<\/a>&nbsp;in Haute Corse!<\/p>\n<\/div>\t\t\t\t\t\t\t\t<\/div>\n\t\t\t\t<\/div>\n\t\t\t\t\t<\/div>\n\t\t<\/div>\n\t\t\t\t\t<\/div>\n\t\t<\/section>\n\t\t\t\t<\/div>","protected":false},"excerpt":{"rendered":"<p>Hotel \u00cele Rousse 3-Sterne-Hotel La Pietra Lust auf Geselligkeit und Wohlbefinden f\u00fcr Ihren n\u00e4chsten Urlaub auf Korsika? Warum entdecken Sie nicht mit uns die sch\u00f6ne Paolinenstadt L'Ile-Rousse... L'Ile-Rousse liegt \u00fcber einem der sch\u00f6nsten Golfe des Mittelmeers, im Nordwesten Korsikas, im Herzen der Balagne, und ist ein unumg\u00e4nglicher Ort [...].<\/p>","protected":false},"author":2,"featured_media":0,"parent":0,"menu_order":0,"comment_status":"closed","ping_status":"closed","template":"","meta":{"inline_featured_image":false,"footnotes":""},"class_list":["post-7519","page","type-page","status-publish","hentry"],"_links":{"self":[{"href":"https:\/\/www.hotel-lapietra.com\/de\/wp-json\/wp\/v2\/pages\/7519","targetHints":{"allow":["GET"]}}],"collection":[{"href":"https:\/\/www.hotel-lapietra.com\/de\/wp-json\/wp\/v2\/pages"}],"about":[{"href":"https:\/\/www.hotel-lapietra.com\/de\/wp-json\/wp\/v2\/types\/page"}],"author":[{"embeddable":true,"href":"https:\/\/www.hotel-lapietra.com\/de\/wp-json\/wp\/v2\/users\/2"}],"replies":[{"embeddable":true,"href":"https:\/\/www.hotel-lapietra.com\/de\/wp-json\/wp\/v2\/comments?post=7519"}],"version-history":[{"count":23,"href":"https:\/\/www.hotel-lapietra.com\/de\/wp-json\/wp\/v2\/pages\/7519\/revisions"}],"predecessor-version":[{"id":10109,"href":"https:\/\/www.hotel-lapietra.com\/de\/wp-json\/wp\/v2\/pages\/7519\/revisions\/10109"}],"wp:attachment":[{"href":"https:\/\/www.hotel-lapietra.com\/de\/wp-json\/wp\/v2\/media?parent=7519"}],"curies":[{"name":"wp","href":"https:\/\/api.w.org\/{rel}","templated":true}]}}