{"id":9539,"date":"2023-04-19T10:52:20","date_gmt":"2023-04-19T08:52:20","guid":{"rendered":"https:\/\/www.hotel-lapietra.com\/?page_id=9539"},"modified":"2023-04-19T11:04:18","modified_gmt":"2023-04-19T09:04:18","slug":"korsika-2","status":"publish","type":"page","link":"https:\/\/www.hotel-lapietra.com\/de\/tourismus-hotel-ile-rousse-korsika\/korsika-2\/","title":{"rendered":"Hotel Restaurant Korsika"},"content":{"rendered":"<div data-elementor-type=\"wp-page\" data-elementor-id=\"9539\" class=\"elementor elementor-9539\" data-elementor-post-type=\"page\">\n\t\t\t\t\t\t<section class=\"elementor-section elementor-top-section elementor-element elementor-element-d6c7843 elementor-section-full_width elementor-section-height-min-height elementor-section-height-default elementor-section-items-middle\" data-id=\"d6c7843\" data-element_type=\"section\" data-settings=\"{&quot;background_background&quot;:&quot;classic&quot;}\">\n\t\t\t\t\t\t\t<div class=\"elementor-background-overlay\"><\/div>\n\t\t\t\t\t\t\t<div class=\"elementor-container elementor-column-gap-default\">\n\t\t\t\t\t<div class=\"elementor-column elementor-col-100 elementor-top-column elementor-element elementor-element-88bef6c\" data-id=\"88bef6c\" data-element_type=\"column\">\n\t\t\t<div class=\"elementor-widget-wrap elementor-element-populated\">\n\t\t\t\t\t\t\t<\/div>\n\t\t<\/div>\n\t\t\t\t\t<\/div>\n\t\t<\/section>\n\t\t\t\t<section class=\"elementor-section elementor-top-section elementor-element elementor-element-99f5059 elementor-section-boxed elementor-section-height-default elementor-section-height-default\" data-id=\"99f5059\" data-element_type=\"section\" data-settings=\"{&quot;background_background&quot;:&quot;classic&quot;}\">\n\t\t\t\t\t\t\t<div class=\"elementor-background-overlay\"><\/div>\n\t\t\t\t\t\t\t<div class=\"elementor-container elementor-column-gap-default\">\n\t\t\t\t\t<div class=\"elementor-column elementor-col-50 elementor-top-column elementor-element elementor-element-caa8998\" data-id=\"caa8998\" data-element_type=\"column\">\n\t\t\t<div class=\"elementor-widget-wrap elementor-element-populated\">\n\t\t\t\t\t\t<div class=\"elementor-element elementor-element-d9f3b11 elementor-widget elementor-widget-heading\" data-id=\"d9f3b11\" data-element_type=\"widget\" data-widget_type=\"heading.default\">\n\t\t\t\t<div class=\"elementor-widget-container\">\n\t\t\t\t\t<h2 class=\"elementor-heading-title elementor-size-default\">Entdecken Sie den Charme der \u00cele de Beaut\u00e9 von unserem Hotel Restaurant Corse aus.<\/h2>\t\t\t\t<\/div>\n\t\t\t\t<\/div>\n\t\t\t\t<div class=\"elementor-element elementor-element-fb25cbd elementor-widget elementor-widget-text-editor\" data-id=\"fb25cbd\" data-element_type=\"widget\" data-widget_type=\"text-editor.default\">\n\t\t\t\t<div class=\"elementor-widget-container\">\n\t\t\t\t\t\t\t\t\t<p><span style=\"font-weight: 400;\">Wenn Korsika die Augen derjenigen, die es besuchen, in vielerlei Hinsicht zum Staunen bringt, <a href=\"https:\/\/www.hotel-lapietra.com\/de\/\">La Pietra<\/a> empf\u00e4ngt Sie und verw\u00f6hnt Sie mit seinen K\u00f6stlichkeiten. Eine wahre Hommage an das kulinarische Erbe Korsikas nimmt auf Ihren Tellern Gestalt an und befriedigt selbst die erfahrensten Gaumen.\u00a0<\/span><\/p><p><span style=\"font-weight: 400;\">Unser korsisches Hotelrestaurant ist eine Ode an das Mittelmeer, eine gekonnte Mischung aus dem, was die korsische K\u00fcche an Aromen von Land und Meer bereith\u00e4lt.<\/span><\/p>\t\t\t\t\t\t\t\t<\/div>\n\t\t\t\t<\/div>\n\t\t\t\t<section class=\"elementor-section elementor-inner-section elementor-element elementor-element-57b5f92 elementor-section-boxed elementor-section-height-default elementor-section-height-default\" data-id=\"57b5f92\" data-element_type=\"section\">\n\t\t\t\t\t\t<div class=\"elementor-container elementor-column-gap-default\">\n\t\t\t\t\t<div class=\"elementor-column elementor-col-100 elementor-inner-column elementor-element elementor-element-f4de202\" data-id=\"f4de202\" data-element_type=\"column\" data-settings=\"{&quot;background_background&quot;:&quot;classic&quot;}\">\n\t\t\t<div class=\"elementor-widget-wrap elementor-element-populated\">\n\t\t\t\t\t<div class=\"elementor-background-overlay\"><\/div>\n\t\t\t\t\t\t<div class=\"elementor-element elementor-element-e3cbca8 elementor-widget elementor-widget-spacer\" data-id=\"e3cbca8\" data-element_type=\"widget\" data-widget_type=\"spacer.default\">\n\t\t\t\t<div class=\"elementor-widget-container\">\n\t\t\t\t\t\t\t<div class=\"elementor-spacer\">\n\t\t\t<div class=\"elementor-spacer-inner\"><\/div>\n\t\t<\/div>\n\t\t\t\t\t\t<\/div>\n\t\t\t\t<\/div>\n\t\t\t\t\t<\/div>\n\t\t<\/div>\n\t\t\t\t\t<\/div>\n\t\t<\/section>\n\t\t\t\t<div class=\"elementor-element elementor-element-f0c852e elementor-widget elementor-widget-text-editor\" data-id=\"f0c852e\" data-element_type=\"widget\" data-widget_type=\"text-editor.default\">\n\t\t\t\t<div class=\"elementor-widget-container\">\n\t\t\t\t\t\t\t\t\t<p><span style=\"font-weight: 400;\">Die D\u00fcfte der \u00cele de Beaut\u00e9, die jodhaltigen Aromen und die Aromen der Macchia vermischen sich und schaffen einen Ort voller Charme, an dem alle Sinne auf ihre Kosten kommen. Gaumenfreuden und Augenweiden, denn das Spektakel in unserem korsischen Hotelrestaurant spielt sich nicht nur auf den Tellern ab, sondern auch in den Augen unserer G\u00e4ste. Chez Cyprien, unser Restaurant, bietet Ihnen dank seines Panoramablicks einen Augenschmaus. Ein absolut atemberaubender Ausblick, der ein au\u00dfergew\u00f6hnliches Panorama auf das Meer in der Ferne, soweit das Auge reicht, und die Balagne und L'\u00cele-Rousse bietet. Ein Blick zwischen Land und Meer, genau wie die Gerichte, die Ihr gastronomisches Erlebnis abrunden, wie das Extra an Seele, das Ihrem Aufenthalt auf der \u00cele de Beaut\u00e9 gefehlt hat.<\/span><\/p><p>Zu kurz f\u00fcr das Cap Corse und seine Fischerd\u00f6rfer, von denen jedes seinen eigenen Charme hat und die sich entlang der K\u00fcste auf beiden Seiten der Serra verteilen. Zu kurz f\u00fcr die D\u00e9sert des Agriates, eine gro\u00dfe, unber\u00fchrte Naturlandschaft, in der die Macchia den gr\u00fcnen Rahmen f\u00fcr die beiden perlmuttfarbenen Perlen, die Str\u00e4nde von Saleccia und Lotu, bildet.<\/p>\t\t\t\t\t\t\t\t<\/div>\n\t\t\t\t<\/div>\n\t\t\t\t\t<\/div>\n\t\t<\/div>\n\t\t\t\t<div class=\"elementor-column elementor-col-50 elementor-top-column elementor-element elementor-element-0e33b50\" data-id=\"0e33b50\" data-element_type=\"column\">\n\t\t\t<div class=\"elementor-widget-wrap elementor-element-populated\">\n\t\t\t\t\t\t<div class=\"elementor-element elementor-element-eb64b02 elementor-widget elementor-widget-image\" data-id=\"eb64b02\" data-element_type=\"widget\" data-widget_type=\"image.default\">\n\t\t\t\t<div class=\"elementor-widget-container\">\n\t\t\t\t\t\t\t\t\t\t\t\t\t\t\t<img fetchpriority=\"high\" decoding=\"async\" width=\"730\" height=\"478\" src=\"https:\/\/www.hotel-lapietra.com\/wp-content\/uploads\/2023\/04\/iStock-1391401800.jpg\" class=\"attachment-full size-full wp-image-9541\" alt=\"\" srcset=\"https:\/\/www.hotel-lapietra.com\/wp-content\/uploads\/2023\/04\/iStock-1391401800.jpg 730w, https:\/\/www.hotel-lapietra.com\/wp-content\/uploads\/2023\/04\/iStock-1391401800-300x196.jpg 300w, https:\/\/www.hotel-lapietra.com\/wp-content\/uploads\/2023\/04\/iStock-1391401800-18x12.jpg 18w\" sizes=\"(max-width: 730px) 100vw, 730px\" title=\"Foto -\">\t\t\t\t\t\t\t\t\t\t\t\t\t\t\t<\/div>\n\t\t\t\t<\/div>\n\t\t\t\t\t<\/div>\n\t\t<\/div>\n\t\t\t\t\t<\/div>\n\t\t<\/section>\n\t\t\t\t<section class=\"elementor-section elementor-top-section elementor-element elementor-element-a644436 elementor-section-full_width elementor-section-height-default elementor-section-height-default\" data-id=\"a644436\" data-element_type=\"section\">\n\t\t\t\t\t\t<div class=\"elementor-container elementor-column-gap-default\">\n\t\t\t\t\t<div class=\"elementor-column elementor-col-100 elementor-top-column elementor-element elementor-element-f3e776b\" data-id=\"f3e776b\" data-element_type=\"column\">\n\t\t\t<div class=\"elementor-widget-wrap elementor-element-populated\">\n\t\t\t\t\t\t<section class=\"elementor-section elementor-inner-section elementor-element elementor-element-c8d6fd3 elementor-section-full_width elementor-reverse-tablet elementor-reverse-mobile elementor-section-height-default elementor-section-height-default\" data-id=\"c8d6fd3\" data-element_type=\"section\">\n\t\t\t\t\t\t<div class=\"elementor-container elementor-column-gap-default\">\n\t\t\t\t\t<div class=\"elementor-column elementor-col-50 elementor-inner-column elementor-element elementor-element-fe80958\" data-id=\"fe80958\" data-element_type=\"column\">\n\t\t\t<div class=\"elementor-widget-wrap elementor-element-populated\">\n\t\t\t\t\t\t<div class=\"elementor-element elementor-element-cf0869f elementor-widget elementor-widget-image\" data-id=\"cf0869f\" data-element_type=\"widget\" data-widget_type=\"image.default\">\n\t\t\t\t<div class=\"elementor-widget-container\">\n\t\t\t\t\t\t\t\t\t\t\t\t\t\t\t<img decoding=\"async\" width=\"768\" height=\"455\" src=\"https:\/\/www.hotel-lapietra.com\/wp-content\/uploads\/2023\/04\/iStock-1350263317.jpg\" class=\"attachment-full size-full wp-image-9542\" alt=\"\" srcset=\"https:\/\/www.hotel-lapietra.com\/wp-content\/uploads\/2023\/04\/iStock-1350263317.jpg 768w, https:\/\/www.hotel-lapietra.com\/wp-content\/uploads\/2023\/04\/iStock-1350263317-300x178.jpg 300w, https:\/\/www.hotel-lapietra.com\/wp-content\/uploads\/2023\/04\/iStock-1350263317-18x12.jpg 18w\" sizes=\"(max-width: 768px) 100vw, 768px\" title=\"Foto -\">\t\t\t\t\t\t\t\t\t\t\t\t\t\t\t<\/div>\n\t\t\t\t<\/div>\n\t\t\t\t\t<\/div>\n\t\t<\/div>\n\t\t\t\t<div class=\"elementor-column elementor-col-50 elementor-inner-column elementor-element elementor-element-dc3893d\" data-id=\"dc3893d\" data-element_type=\"column\">\n\t\t\t<div class=\"elementor-widget-wrap elementor-element-populated\">\n\t\t\t\t\t\t<div class=\"elementor-element elementor-element-b9e5ad5 elementor-widget elementor-widget-heading\" data-id=\"b9e5ad5\" data-element_type=\"widget\" data-widget_type=\"heading.default\">\n\t\t\t\t<div class=\"elementor-widget-container\">\n\t\t\t\t\t<h2 class=\"elementor-heading-title elementor-size-default\">Unser Hotelrestaurant Korsika, Ausgangspunkt f\u00fcr Entdeckungen<\/h2>\t\t\t\t<\/div>\n\t\t\t\t<\/div>\n\t\t\t\t<section class=\"elementor-section elementor-inner-section elementor-element elementor-element-f0ad62c elementor-section-boxed elementor-section-height-default elementor-section-height-default\" data-id=\"f0ad62c\" data-element_type=\"section\">\n\t\t\t\t\t\t<div class=\"elementor-container elementor-column-gap-default\">\n\t\t\t\t\t<div class=\"elementor-column elementor-col-100 elementor-inner-column elementor-element elementor-element-4a49317\" data-id=\"4a49317\" data-element_type=\"column\" data-settings=\"{&quot;background_background&quot;:&quot;classic&quot;}\">\n\t\t\t<div class=\"elementor-widget-wrap elementor-element-populated\">\n\t\t\t\t\t<div class=\"elementor-background-overlay\"><\/div>\n\t\t\t\t\t\t<div class=\"elementor-element elementor-element-4ab023e elementor-widget elementor-widget-spacer\" data-id=\"4ab023e\" data-element_type=\"widget\" data-widget_type=\"spacer.default\">\n\t\t\t\t<div class=\"elementor-widget-container\">\n\t\t\t\t\t\t\t<div class=\"elementor-spacer\">\n\t\t\t<div class=\"elementor-spacer-inner\"><\/div>\n\t\t<\/div>\n\t\t\t\t\t\t<\/div>\n\t\t\t\t<\/div>\n\t\t\t\t\t<\/div>\n\t\t<\/div>\n\t\t\t\t\t<\/div>\n\t\t<\/section>\n\t\t\t\t<div class=\"elementor-element elementor-element-3255694 elementor-widget elementor-widget-text-editor\" data-id=\"3255694\" data-element_type=\"widget\" data-widget_type=\"text-editor.default\">\n\t\t\t\t<div class=\"elementor-widget-container\">\n\t\t\t\t\t\t\t\t\t<p><span style=\"font-weight: 400;\">Entdecken und Staunen sind sicherlich die Worte, die von allen Besuchern, die nach Korsika gekommen sind, immer wieder genannt werden. Nutzen Sie die au\u00dfergew\u00f6hnliche Lage unseres Hotels La Pietra, um sich von den Reizen der \u00cele de Beaut\u00e9 zu \u00fcberzeugen. Unser Hotel befindet sich auf der \u00cele-Rousse und ist ein guter Ausgangspunkt, um die vielen Sch\u00e4tze zu entdecken. <\/span><\/p><p><span style=\"font-weight: 400;\"><a href=\"https:\/\/www.hotel-lapietra.com\/de\/tourismus-hotel-ile-rousse-korsika\/balagne-hotel-balagne\/\">Die Balagne<\/a> Die engen Gassen der Altst\u00e4dte, die Zitadelle, der Hafen oder der typische Markt - es gibt viele Sehensw\u00fcrdigkeiten, die Sie auf Ihren Spazierg\u00e4ngen durch diese beiden wundersch\u00f6nen St\u00e4dte nicht verpassen sollten. Die Str\u00e4nde sind nat\u00fcrlich eine der sch\u00f6nsten Sehensw\u00fcrdigkeiten auf Korsika. Ihr Wei\u00df ist so makellos wie das Blau des Wassers azurblau und klar ist. Den sch\u00f6nsten tropischen Str\u00e4nden w\u00fcrdig, nur wenige Kilometer vom Festland entfernt. Lassen Sie sich auch das Hinterland nicht entgehen, seine Fl\u00fcsse und Wasserf\u00e4lle, die mit so viel Sch\u00f6nheit blenden und spritzen und niemanden gleichg\u00fcltig lassen. Authentische D\u00f6rfer folgen auf wundersch\u00f6ne W\u00e4lder und Berge. Eine Reise, bei der die Natur im Mittelpunkt steht.\u00a0<\/span><\/p><p><span style=\"font-weight: 400;\">Nicht weit entfernt, nur 30 Autominuten entfernt, befindet sich die D\u00e9sert des Agriates, die ebenfalls einen Besuch wert ist. Als einzige W\u00fcste Europas besitzt sie jedoch nicht ein einziges Sandkorn, sondern vielmehr Felsbl\u00f6cke und Macchia, so weit das Auge reicht, gegen\u00fcber dem Meer mit lediglich paradiesischen Str\u00e4nden, die die beiden voneinander trennen. Auf Korsika ist die Natur \u00fcberall zu finden, mit Farbnuancen, die sich \u00fcberlappen und das Auge erfreuen. Die Flora und Fauna ist \u00fcberall pr\u00e4sent und man macht sich angesichts einer solchen Unermesslichkeit an Pracht ganz klein. <\/span><span style=\"font-weight: 400;\">Genie\u00dfen Sie also das La Pietra Hotel und <a href=\"https:\/\/www.hotel-lapietra.com\/de\/restaurant-la-pietra\/\">sein k\u00f6stliches korsisches Restaurant<\/a> um auf Entdeckungsreise zu gehen und all diese verborgenen Sch\u00e4tze zu finden.<\/span><\/p>\t\t\t\t\t\t\t\t<\/div>\n\t\t\t\t<\/div>\n\t\t\t\t\t<\/div>\n\t\t<\/div>\n\t\t\t\t\t<\/div>\n\t\t<\/section>\n\t\t\t\t<section class=\"elementor-section elementor-inner-section elementor-element elementor-element-0b23527 elementor-section-height-min-height elementor-section-boxed elementor-section-height-default\" data-id=\"0b23527\" data-element_type=\"section\" data-settings=\"{&quot;background_background&quot;:&quot;classic&quot;}\">\n\t\t\t\t\t\t\t<div class=\"elementor-background-overlay\"><\/div>\n\t\t\t\t\t\t\t<div class=\"elementor-container elementor-column-gap-default\">\n\t\t\t\t\t<div class=\"elementor-column elementor-col-100 elementor-inner-column elementor-element elementor-element-73b4ee9\" data-id=\"73b4ee9\" data-element_type=\"column\">\n\t\t\t<div class=\"elementor-widget-wrap\">\n\t\t\t\t\t\t\t<\/div>\n\t\t<\/div>\n\t\t\t\t\t<\/div>\n\t\t<\/section>\n\t\t\t\t\t<\/div>\n\t\t<\/div>\n\t\t\t\t\t<\/div>\n\t\t<\/section>\n\t\t\t\t<section class=\"elementor-section elementor-top-section elementor-element elementor-element-4d54fe9 elementor-section-full_width elementor-section-height-default elementor-section-height-default\" data-id=\"4d54fe9\" data-element_type=\"section\" data-settings=\"{&quot;background_background&quot;:&quot;classic&quot;}\">\n\t\t\t\t\t\t\t<div class=\"elementor-background-overlay\"><\/div>\n\t\t\t\t\t\t\t<div class=\"elementor-container elementor-column-gap-narrow\">\n\t\t\t\t\t<div class=\"elementor-column elementor-col-100 elementor-top-column elementor-element elementor-element-de54cb7\" data-id=\"de54cb7\" data-element_type=\"column\">\n\t\t\t<div class=\"elementor-widget-wrap elementor-element-populated\">\n\t\t\t\t\t\t<div class=\"elementor-element elementor-element-0923c44 elementor-widget elementor-widget-heading\" data-id=\"0923c44\" data-element_type=\"widget\" data-widget_type=\"heading.default\">\n\t\t\t\t<div class=\"elementor-widget-container\">\n\t\t\t\t\t<h2 class=\"elementor-heading-title elementor-size-default\">Entdecken Sie auch<\/h2>\t\t\t\t<\/div>\n\t\t\t\t<\/div>\n\t\t\t\t<section class=\"elementor-section elementor-inner-section elementor-element elementor-element-575b2ba elementor-section-boxed elementor-section-height-default elementor-section-height-default\" data-id=\"575b2ba\" data-element_type=\"section\">\n\t\t\t\t\t\t<div class=\"elementor-container elementor-column-gap-default\">\n\t\t\t\t\t<div class=\"elementor-column elementor-col-33 elementor-inner-column elementor-element elementor-element-5713d81\" data-id=\"5713d81\" data-element_type=\"column\">\n\t\t\t<div class=\"elementor-widget-wrap elementor-element-populated\">\n\t\t\t\t\t\t<div class=\"elementor-element elementor-element-5ddba2b elementor-widget elementor-widget-image\" data-id=\"5ddba2b\" data-element_type=\"widget\" data-widget_type=\"image.default\">\n\t\t\t\t<div class=\"elementor-widget-container\">\n\t\t\t\t\t\t\t\t\t\t\t\t\t\t\t<img decoding=\"async\" width=\"2121\" height=\"1414\" src=\"https:\/\/www.hotel-lapietra.com\/wp-content\/uploads\/2023\/01\/Speloncato-balagne.jpg\" class=\"attachment-full size-full wp-image-7993\" alt=\"foto-village-speloncato-hotel-balagne\" srcset=\"https:\/\/www.hotel-lapietra.com\/wp-content\/uploads\/2023\/01\/Speloncato-balagne.jpg 2121w, https:\/\/www.hotel-lapietra.com\/wp-content\/uploads\/2023\/01\/Speloncato-balagne-300x200.jpg 300w, https:\/\/www.hotel-lapietra.com\/wp-content\/uploads\/2023\/01\/Speloncato-balagne-1024x683.jpg 1024w, https:\/\/www.hotel-lapietra.com\/wp-content\/uploads\/2023\/01\/Speloncato-balagne-768x512.jpg 768w, https:\/\/www.hotel-lapietra.com\/wp-content\/uploads\/2023\/01\/Speloncato-balagne-1536x1024.jpg 1536w, https:\/\/www.hotel-lapietra.com\/wp-content\/uploads\/2023\/01\/Speloncato-balagne-2048x1365.jpg 2048w, https:\/\/www.hotel-lapietra.com\/wp-content\/uploads\/2023\/01\/Speloncato-balagne-18x12.jpg 18w\" sizes=\"(max-width: 2121px) 100vw, 2121px\" title=\"Foto -\">\t\t\t\t\t\t\t\t\t\t\t\t\t\t\t<\/div>\n\t\t\t\t<\/div>\n\t\t\t\t<div class=\"elementor-element elementor-element-6c8c34c elementor-widget elementor-widget-heading\" data-id=\"6c8c34c\" data-element_type=\"widget\" data-widget_type=\"heading.default\">\n\t\t\t\t<div class=\"elementor-widget-container\">\n\t\t\t\t\t<h3 class=\"elementor-heading-title elementor-size-default\">Die Balagne<\/h3>\t\t\t\t<\/div>\n\t\t\t\t<\/div>\n\t\t\t\t<div class=\"elementor-element elementor-element-d03aa0b elementor-align-center elementor-widget elementor-widget-button\" data-id=\"d03aa0b\" data-element_type=\"widget\" data-widget_type=\"button.default\">\n\t\t\t\t<div class=\"elementor-widget-container\">\n\t\t\t\t\t\t\t\t\t<div class=\"elementor-button-wrapper\">\n\t\t\t\t\t<a class=\"elementor-button elementor-button-link elementor-size-sm\" href=\"https:\/\/www.hotel-lapietra.com\/de\/tourismus-hotel-ile-rousse-korsika\/balagne-hotel-balagne\/\">\n\t\t\t\t\t\t<span class=\"elementor-button-content-wrapper\">\n\t\t\t\t\t\t\t\t\t<span class=\"elementor-button-text\">Mehr sehen<\/span>\n\t\t\t\t\t<\/span>\n\t\t\t\t\t<\/a>\n\t\t\t\t<\/div>\n\t\t\t\t\t\t\t\t<\/div>\n\t\t\t\t<\/div>\n\t\t\t\t\t<\/div>\n\t\t<\/div>\n\t\t\t\t<div class=\"elementor-column elementor-col-33 elementor-inner-column elementor-element elementor-element-4895b0f\" data-id=\"4895b0f\" data-element_type=\"column\">\n\t\t\t<div class=\"elementor-widget-wrap elementor-element-populated\">\n\t\t\t\t\t\t<div class=\"elementor-element elementor-element-125e731 elementor-widget elementor-widget-image\" data-id=\"125e731\" data-element_type=\"widget\" data-widget_type=\"image.default\">\n\t\t\t\t<div class=\"elementor-widget-container\">\n\t\t\t\t\t\t\t\t\t\t\t\t\t\t\t<img loading=\"lazy\" decoding=\"async\" width=\"2121\" height=\"1414\" src=\"https:\/\/www.hotel-lapietra.com\/wp-content\/uploads\/2023\/01\/ile-rousse.jpg\" class=\"attachment-full size-full wp-image-7980\" alt=\"landschaftsfoto-ile-rousse-hotel\" srcset=\"https:\/\/www.hotel-lapietra.com\/wp-content\/uploads\/2023\/01\/ile-rousse.jpg 2121w, https:\/\/www.hotel-lapietra.com\/wp-content\/uploads\/2023\/01\/ile-rousse-300x200.jpg 300w, https:\/\/www.hotel-lapietra.com\/wp-content\/uploads\/2023\/01\/ile-rousse-1024x683.jpg 1024w, https:\/\/www.hotel-lapietra.com\/wp-content\/uploads\/2023\/01\/ile-rousse-768x512.jpg 768w, https:\/\/www.hotel-lapietra.com\/wp-content\/uploads\/2023\/01\/ile-rousse-1536x1024.jpg 1536w, https:\/\/www.hotel-lapietra.com\/wp-content\/uploads\/2023\/01\/ile-rousse-2048x1365.jpg 2048w, https:\/\/www.hotel-lapietra.com\/wp-content\/uploads\/2023\/01\/ile-rousse-18x12.jpg 18w\" sizes=\"(max-width: 2121px) 100vw, 2121px\" title=\"Foto -\">\t\t\t\t\t\t\t\t\t\t\t\t\t\t\t<\/div>\n\t\t\t\t<\/div>\n\t\t\t\t<div class=\"elementor-element elementor-element-ff23c54 elementor-widget elementor-widget-heading\" data-id=\"ff23c54\" data-element_type=\"widget\" data-widget_type=\"heading.default\">\n\t\t\t\t<div class=\"elementor-widget-container\">\n\t\t\t\t\t<h3 class=\"elementor-heading-title elementor-size-default\">Die rothaarige Insel<\/h3>\t\t\t\t<\/div>\n\t\t\t\t<\/div>\n\t\t\t\t<div class=\"elementor-element elementor-element-87e84c4 elementor-align-center elementor-widget elementor-widget-button\" data-id=\"87e84c4\" data-element_type=\"widget\" data-widget_type=\"button.default\">\n\t\t\t\t<div class=\"elementor-widget-container\">\n\t\t\t\t\t\t\t\t\t<div class=\"elementor-button-wrapper\">\n\t\t\t\t\t<a class=\"elementor-button elementor-button-link elementor-size-sm\" href=\"https:\/\/www.hotel-lapietra.com\/de\/tourismus-hotel-ile-rousse-korsika\/lile-rousse-strand-von-lile-rousse\/\">\n\t\t\t\t\t\t<span class=\"elementor-button-content-wrapper\">\n\t\t\t\t\t\t\t\t\t<span class=\"elementor-button-text\">Mehr sehen<\/span>\n\t\t\t\t\t<\/span>\n\t\t\t\t\t<\/a>\n\t\t\t\t<\/div>\n\t\t\t\t\t\t\t\t<\/div>\n\t\t\t\t<\/div>\n\t\t\t\t\t<\/div>\n\t\t<\/div>\n\t\t\t\t<div class=\"elementor-column elementor-col-33 elementor-inner-column elementor-element elementor-element-05882db\" data-id=\"05882db\" data-element_type=\"column\">\n\t\t\t<div class=\"elementor-widget-wrap elementor-element-populated\">\n\t\t\t\t\t\t<div class=\"elementor-element elementor-element-ee5700d elementor-widget elementor-widget-image\" data-id=\"ee5700d\" data-element_type=\"widget\" data-widget_type=\"image.default\">\n\t\t\t\t<div class=\"elementor-widget-container\">\n\t\t\t\t\t\t\t\t\t\t\t\t\t\t\t<img loading=\"lazy\" decoding=\"async\" width=\"2311\" height=\"1297\" src=\"https:\/\/www.hotel-lapietra.com\/wp-content\/uploads\/2023\/01\/corse-1.jpg\" class=\"attachment-full size-full wp-image-7976\" alt=\"photo-cote-mer-corse-ile-rousse\" srcset=\"https:\/\/www.hotel-lapietra.com\/wp-content\/uploads\/2023\/01\/corse-1.jpg 2311w, https:\/\/www.hotel-lapietra.com\/wp-content\/uploads\/2023\/01\/corse-1-300x168.jpg 300w, https:\/\/www.hotel-lapietra.com\/wp-content\/uploads\/2023\/01\/corse-1-1024x575.jpg 1024w, https:\/\/www.hotel-lapietra.com\/wp-content\/uploads\/2023\/01\/corse-1-768x431.jpg 768w, https:\/\/www.hotel-lapietra.com\/wp-content\/uploads\/2023\/01\/corse-1-1536x862.jpg 1536w, https:\/\/www.hotel-lapietra.com\/wp-content\/uploads\/2023\/01\/corse-1-2048x1149.jpg 2048w, https:\/\/www.hotel-lapietra.com\/wp-content\/uploads\/2023\/01\/corse-1-18x10.jpg 18w\" sizes=\"(max-width: 2311px) 100vw, 2311px\" title=\"Foto -\">\t\t\t\t\t\t\t\t\t\t\t\t\t\t\t<\/div>\n\t\t\t\t<\/div>\n\t\t\t\t<div class=\"elementor-element elementor-element-03ecb3d elementor-widget elementor-widget-heading\" data-id=\"03ecb3d\" data-element_type=\"widget\" data-widget_type=\"heading.default\">\n\t\t\t\t<div class=\"elementor-widget-container\">\n\t\t\t\t\t<h3 class=\"elementor-heading-title elementor-size-default\"><a href=\"https:\/\/www.hotel-lapietra.com\/de\/tourismus-hotel-ile-rousse-korsika\/\">Tourismus<\/a><\/h3>\t\t\t\t<\/div>\n\t\t\t\t<\/div>\n\t\t\t\t<div class=\"elementor-element elementor-element-8e54395 elementor-align-center elementor-widget elementor-widget-button\" data-id=\"8e54395\" data-element_type=\"widget\" data-widget_type=\"button.default\">\n\t\t\t\t<div class=\"elementor-widget-container\">\n\t\t\t\t\t\t\t\t\t<div class=\"elementor-button-wrapper\">\n\t\t\t\t\t<a class=\"elementor-button elementor-button-link elementor-size-sm\" href=\"#\">\n\t\t\t\t\t\t<span class=\"elementor-button-content-wrapper\">\n\t\t\t\t\t\t\t\t\t<span class=\"elementor-button-text\">Mehr sehen<\/span>\n\t\t\t\t\t<\/span>\n\t\t\t\t\t<\/a>\n\t\t\t\t<\/div>\n\t\t\t\t\t\t\t\t<\/div>\n\t\t\t\t<\/div>\n\t\t\t\t\t<\/div>\n\t\t<\/div>\n\t\t\t\t\t<\/div>\n\t\t<\/section>\n\t\t\t\t\t<\/div>\n\t\t<\/div>\n\t\t\t\t\t<\/div>\n\t\t<\/section>\n\t\t\t\t<\/div>","protected":false},"excerpt":{"rendered":"<p>Entdecken Sie den Charme der \u00cele de Beaut\u00e9 von unserem Hotel Restaurant Corse aus Wenn Korsika in vielerlei Hinsicht die Augen derer, die es besuchen, zum Staunen bringt, empf\u00e4ngt Sie La Pietra und verw\u00f6hnt Sie mit seinen K\u00f6stlichkeiten. Eine wahre Hommage an das kulinarische Erbe Korsikas nimmt auf Ihren Tellern Gestalt an und befriedigt selbst den [...].<\/p>","protected":false},"author":8,"featured_media":0,"parent":368,"menu_order":0,"comment_status":"closed","ping_status":"closed","template":"","meta":{"inline_featured_image":false,"footnotes":""},"class_list":["post-9539","page","type-page","status-publish","hentry"],"_links":{"self":[{"href":"https:\/\/www.hotel-lapietra.com\/de\/wp-json\/wp\/v2\/pages\/9539","targetHints":{"allow":["GET"]}}],"collection":[{"href":"https:\/\/www.hotel-lapietra.com\/de\/wp-json\/wp\/v2\/pages"}],"about":[{"href":"https:\/\/www.hotel-lapietra.com\/de\/wp-json\/wp\/v2\/types\/page"}],"author":[{"embeddable":true,"href":"https:\/\/www.hotel-lapietra.com\/de\/wp-json\/wp\/v2\/users\/8"}],"replies":[{"embeddable":true,"href":"https:\/\/www.hotel-lapietra.com\/de\/wp-json\/wp\/v2\/comments?post=9539"}],"version-history":[{"count":4,"href":"https:\/\/www.hotel-lapietra.com\/de\/wp-json\/wp\/v2\/pages\/9539\/revisions"}],"predecessor-version":[{"id":9545,"href":"https:\/\/www.hotel-lapietra.com\/de\/wp-json\/wp\/v2\/pages\/9539\/revisions\/9545"}],"up":[{"embeddable":true,"href":"https:\/\/www.hotel-lapietra.com\/de\/wp-json\/wp\/v2\/pages\/368"}],"wp:attachment":[{"href":"https:\/\/www.hotel-lapietra.com\/de\/wp-json\/wp\/v2\/media?parent=9539"}],"curies":[{"name":"wp","href":"https:\/\/api.w.org\/{rel}","templated":true}]}}