{"id":3,"date":"2020-09-21T10:36:09","date_gmt":"2020-09-21T08:36:09","guid":{"rendered":"https:\/\/www.hotel-lapietra.com\/?page_id=3"},"modified":"2023-02-02T11:39:46","modified_gmt":"2023-02-02T10:39:46","slug":"informazioni-legali","status":"publish","type":"page","link":"https:\/\/www.hotel-lapietra.com\/it\/informazioni-legali\/","title":{"rendered":"Informazioni legali"},"content":{"rendered":"<div data-elementor-type=\"wp-page\" data-elementor-id=\"3\" class=\"elementor elementor-3\" data-elementor-post-type=\"page\">\n\t\t\t\t\t\t<section class=\"elementor-section elementor-top-section elementor-element elementor-element-6a615d48 elementor-section-full_width elementor-section-height-full elementor-section-height-default elementor-section-items-middle\" data-id=\"6a615d48\" data-element_type=\"section\" data-settings=\"{&quot;background_background&quot;:&quot;classic&quot;}\">\n\t\t\t\t\t\t<div class=\"elementor-container elementor-column-gap-default\">\n\t\t\t\t\t<div class=\"elementor-column elementor-col-100 elementor-top-column elementor-element elementor-element-049a6b4\" data-id=\"049a6b4\" data-element_type=\"column\">\n\t\t\t<div class=\"elementor-widget-wrap elementor-element-populated\">\n\t\t\t\t\t\t<div class=\"elementor-element elementor-element-2c878d8 elementor-widget elementor-widget-heading\" data-id=\"2c878d8\" data-element_type=\"widget\" data-widget_type=\"heading.default\">\n\t\t\t\t<div class=\"elementor-widget-container\">\n\t\t\t\t\t<h1 class=\"elementor-heading-title elementor-size-default\">Informazioni legali<\/h1>\t\t\t\t<\/div>\n\t\t\t\t<\/div>\n\t\t\t\t\t<\/div>\n\t\t<\/div>\n\t\t\t\t\t<\/div>\n\t\t<\/section>\n\t\t\t\t<section class=\"elementor-section elementor-top-section elementor-element elementor-element-dde8c9b elementor-section-boxed elementor-section-height-default elementor-section-height-default\" data-id=\"dde8c9b\" data-element_type=\"section\">\n\t\t\t\t\t\t<div class=\"elementor-container elementor-column-gap-default\">\n\t\t\t\t\t<div class=\"elementor-column elementor-col-100 elementor-top-column elementor-element elementor-element-f2aea61\" data-id=\"f2aea61\" data-element_type=\"column\">\n\t\t\t<div class=\"elementor-widget-wrap elementor-element-populated\">\n\t\t\t\t\t\t<div class=\"elementor-element elementor-element-2cea83c elementor-widget elementor-widget-text-editor\" data-id=\"2cea83c\" data-element_type=\"widget\" data-widget_type=\"text-editor.default\">\n\t\t\t\t<div class=\"elementor-widget-container\">\n\t\t\t\t\t\t\t\t\t<p><\/p>\n<p><strong>Nome della societ\u00e0:<\/strong>&nbsp;ALBERGO RISTORANTE LA PIETRA<br><strong>Forma giuridica:<\/strong>&nbsp;SARL<br><strong>Sede centrale:<\/strong>&nbsp;CHEMIN DU PHARE 20220 L'ILE ROUSSE<br><strong>Ufficio:<\/strong>&nbsp;CHEMIN DU PHARE 20220 L'ILE ROUSSE<br><strong>Importo del capitale:<\/strong>&nbsp;C.76224.51\u20ac<br><strong>E-mail:<\/strong>&nbsp;INFO@HOTEL-LAPIETRA.COM<br><strong>Telefono:<\/strong>&nbsp;04.95.63.02.30<br><strong>Siret:&nbsp;<\/strong>606 050 227 000 10<br><strong>APE:&nbsp;<\/strong>5510 Z<br><strong>IVA intracomunitaria:&nbsp;<\/strong>FR 56606 050 227<br><strong>Dichiarazione di attivit\u00e0 come organizzazione di formazione:&nbsp;<\/strong>4733 10001<br><strong>Direttore della pubblicazione:&nbsp;<\/strong>SIG. FRASSATI RINATU<\/p>\n<h2 class=\"wp-block-heading\">Chi siamo?<\/h2>\n<p><\/p>\n<p>L'indirizzo del nostro sito web \u00e8: https:\/\/www.hotel-lapietra.com.<\/p>\n<p><\/p>\n<h2 class=\"wp-block-heading\">Responsabilit\u00e0<\/h2>\n<p>Accedendo a questo sito, l'utente \u00e8 informato che l'uso di Internet richiede il rispetto di una serie di leggi relative in particolare al diritto d'autore e alla legge sulla protezione dei dati. H\u00d4TEL RESTAURANT LA PIETRA ed ELIOPHOT non possono essere ritenuti responsabili di eventuali errori od omissioni; l'editore si riserva inoltre il diritto di modificare e aggiornare i dati presenti sul sito in qualsiasi momento.<\/p>\n<h2>Copyright<\/h2>\n<p>In applicazione del Codice francese della propriet\u00e0 intellettuale, la riproduzione per uso diverso da quello privato, la vendita, la distribuzione, la pubblicazione, l'adattamento o la comunicazione, parziale o totale, dei dati (presentazione, layout del sito, foto, testi e illustrazioni protetti dal diritto d'autore) sono rigorosamente subordinati alla previa autorizzazione scritta dei titolari dei diritti summenzionati.<\/p>\n<h2>Tecnologia dell'informazione e libert\u00e0 civili<\/h2>\n<p>Ogni utente che abbia fornito direttamente o indirettamente informazioni nominative ha un diritto di accesso e di rettifica ai sensi della legge n. 7817 del 6\/01\/78 (Informatica e Libert\u00e0) presso l'amministratore del sito.<\/p>\n<h2>Protezione dei dati personali<\/h2>\n<h3>Identit\u00e0 del responsabile del trattamento<\/h3>\n<p>Il Sito \u00e8 pubblicato dalla societ\u00e0 che lo gestisce, i cui dati di contatto sono riportati sopra.<br>L'accesso al sito web e l'utilizzo dei suoi contenuti sono soggetti alle condizioni di utilizzo descritte di seguito.<\/p>\n<h3>Natura dei dati personali<\/h3>\n<p>Per \"dati personali\" si intendono tutte le informazioni personali che l'utente pu\u00f2 condividere con la societ\u00e0 operativa e che possono consentire alla societ\u00e0 operativa, direttamente o indirettamente, di identificarlo come persona fisica, ad esempio quando visita il sito web, richiede informazioni, prenota una camera e altri servizi.<\/p>\n<h3>I dati personali raccolti<\/h3>\n<p>\u00c8 possibile che vi venga chiesto di fornire i vostri dati personali quando navigate sul sito web della societ\u00e0 operativa.<\/p>\n<p>La natura obbligatoria o facoltativa delle informazioni richieste \u00e8 indicata al momento della raccolta da un asterisco \"*\". Le informazioni richieste contrassegnate da un asterisco sono obbligatorie in quanto essenziali per l'elaborazione delle vostre diverse richieste. Le altre informazioni servono a conoscervi meglio e a migliorare i servizi che vi vengono offerti. \u00c8 quindi facoltativo.<\/p>\n<p>La societ\u00e0 operativa raccoglie ed elabora il vostro nome, cognome, indirizzo e-mail, indirizzo di fatturazione, numero di telefono, indirizzo IP, dati di connessione e di navigazione, le vostre preferenze e i vostri interessi (camera non fumatori, camera preferita, tipo di soggiorno, ecc.), le vostre recensioni online.<\/p>\n<h3>Quando vengono raccolti i vostri dati personali?<\/h3>\n<ul>\n<li>L'utente naviga sul sito web (indirizzo IP e cookie) e consulta prodotti o servizi;<\/li>\n<li>L'utente fornisce alla societ\u00e0 operativa le proprie osservazioni\/commenti in determinate sezioni, tramite questionari o moduli di contatto, pagina ufficiale dei social network della societ\u00e0 operativa;<\/li>\n<li>Si invia un'e-mail alla societ\u00e0 di gestione;<\/li>\n<li>L'utente si iscrive alla mailing list della newsletter;<\/li>\n<li>Si condivide una pagina o un'offerta inviando un'e-mail o attraverso un social network;<\/li>\n<li>Rispondete a un questionario di soddisfazione;<\/li>\n<li>Si fa una richiesta di preventivo.<\/li>\n<\/ul>\n<h3>Memorizzazione dei dati<\/h3>\n<p>Le informazioni raccolte vengono memorizzate nei nostri diversi sistemi di prenotazione su database sicuri e certificati SSL.<\/p>\n<p>Questo database comprende: nomi degli ospiti, indirizzi, numeri di telefono, posizioni, nomi di aziende e dati delle carte di credito. Possiamo anche registrare altre informazioni, come le preferenze per la camera, i pasti, le bevande e altri servizi e la vostra storia con noi.<\/p>\n<h3>Scopo della raccolta dei dati da parte della societ\u00e0 di gestione<\/h3>\n<p>Attraverso il sito web, la societ\u00e0 operativa raccoglie i dati dell'utente che sono strettamente necessari per le seguenti finalit\u00e0:<\/p>\n<ol>\n<li>Per gestire le vostre richieste di informazioni e prenotazioni, nonch\u00e9 eventuali programmi di fidelizzazione;<\/li>\n<li>Per migliorare e personalizzare i servizi della societ\u00e0 operativa al fine di facilitare la vostra navigazione sul sito web;<\/li>\n<li>Gestire e monitorare l'intera relazione con il cliente;<\/li>\n<li>Gestire la registrazione alle novit\u00e0 e alle offerte promozionali della societ\u00e0 operativa (newsletter);<\/li>\n<li>Gestire tutte le vostre richieste di accesso in conformit\u00e0 alla legislazione vigente;<\/li>\n<li>Gestione delle fatture non pagate e delle controversie;<\/li>\n<li>Gestire le richieste di candidatura nell'ambito delle offerte di lavoro della societ\u00e0 operativa che hanno attirato la vostra attenzione, o qualsiasi richiesta di candidatura non sollecitata;<\/li>\n<li>Misurare la qualit\u00e0 e la soddisfazione.<\/li>\n<\/ol>\n<p>Se non si forniscono le informazioni richieste, la richiesta non potr\u00e0 essere elaborata.<\/p>\n<h2>Impegni della societ\u00e0 operativa in materia di protezione dei dati personali<\/h2>\n<h3>Trasparenza e finalit\u00e0 :<\/h3>\n<p>Nessun dato personale viene o verr\u00e0 raccolto a vostra insaputa. La natura facoltativa o obbligatoria dei dati da comunicare alla societ\u00e0 di gestione nell'ambito della raccolta effettuata sul sito web vi sar\u00e0 indicata preventivamente, attraverso la presenza del simbolo dell'asterisco \"*\". La societ\u00e0 operativa raccoglie ed elabora i dati personali dell'utente esclusivamente per le finalit\u00e0 descritte nel presente Avviso legale.<\/p>\n<h3>Proporzionalit\u00e0 e rilevanza :<\/h3>\n<p>La societ\u00e0 operativa raccoglie ed elabora solo i dati personali necessari per il corretto trattamento della vostra richiesta o per la personalizzazione dei servizi offerti.<\/p>\n<h3>Tempo di memorizzazione dei dati :<\/h3>\n<p>La societ\u00e0 operativa conserver\u00e0 i dati personali dell'utente solo per il tempo necessario all'elaborazione in conformit\u00e0 alle leggi vigenti.<\/p>\n<h3>Sicurezza e privacy :<\/h3>\n<p>La societ\u00e0 operativa si impegna ad adottare le misure necessarie per garantire la riservatezza dei dati e a non divulgarli a terzi non autorizzati.<\/p>\n<p>Possiamo divulgare i vostri dati personali alle autorit\u00e0 locali se richiesto dalla legge o nel corso di un'indagine e in conformit\u00e0 con le normative locali.<\/p>\n<p>Come per la maggior parte dei siti web, alcune informazioni vengono registrate automaticamente tramite un protocollo. Queste informazioni comprendono gli indirizzi di protocollo (indirizzo IP), il tipo di browser utilizzato, il provider di servizi Internet, le pagine di riferimento e finali, il sistema operativo, la data, l'ora e i dati clickstream.<\/p>\n<p>I cookie non registrano le informazioni fornite dagli utenti durante una prenotazione online o la registrazione di un account cliente. I cookie identificano il browser e non l'utente e non possono da soli rivelare la sua identit\u00e0.<\/p>\n<h3>Rispetto dei vostri diritti :<\/h3>\n<p>Siete informati dei vostri diritti di interrogazione, accesso, rettifica e opposizione per motivi legittimi, nonch\u00e9 del vostro diritto di opporvi alla prospezione commerciale conformemente alle disposizioni della legge n\u00b078-17 del 6 gennaio 1978.<\/p>\n<h3>Diritti di accesso, rettifica e opposizione :<\/h3>\n<p>Conformemente alla legge n\u00b0 78-17 del 6 gennaio 1978, relativa al trattamento dei dati, degli archivi e delle libert\u00e0, beneficiate, su semplice richiesta scritta, di un diritto di accesso e di rettifica sulle informazioni che vi riguardano.<br>Potete anche, per motivi legittimi, opporvi al trattamento dei vostri dati.<\/p>\n<p>Per esercitare uno qualsiasi di questi diritti e ottenere informazioni sull'utente, \u00e8 sufficiente contattare la societ\u00e0 operativa i cui dati di contatto sono disponibili all'inizio del presente Avviso legale.<\/p>\n<h2>Biscotti<\/h2>\n<p>Durante la consultazione del sito, alcune informazioni relative alla navigazione del vostro terminale possono essere registrate in file denominati \"Cookies\" installati sul vostro terminale, nel rispetto delle scelte che avete espresso in merito ai cookies e che potete modificare in qualsiasi momento.<\/p>\n<p>Un cookie \u00e8 un piccolo file di testo salvato in uno spazio dedicato sul disco rigido del vostro terminale quando consultate un servizio online utilizzando il vostro browser. Consente all'emittente di identificare il terminale in cui \u00e8 memorizzato, durante il periodo di validit\u00e0 o di conservazione del cookie.<\/p>\n<p>I cookie rilasciati dalla societ\u00e0 operativa vengono utilizzati per le finalit\u00e0 descritte di seguito, per la durata di validit\u00e0 del cookie in questione, in base alle scelte dell'utente derivanti dalle impostazioni del software del browser utilizzato durante la visita al sito web, le cui impostazioni possono essere modificate in qualsiasi momento.<\/p>\n<p>I cookie di aziende partner (cookie di terze parti) possono essere inseriti nel vostro computer attraverso le pagine del sito web<\/p>\n<p>Solo il mittente di un cookie pu\u00f2 leggere o modificare le informazioni in esso contenute.<\/p>\n<p>Sul sito web vengono utilizzati diversi tipi di cookie per scopi diversi. Alcuni sono necessari per l'utilizzo del sito web.<\/p>\n<h3>Cookie analitici<\/h3>\n<p>Questi sono i cookie che permettono alla societ\u00e0 operativa :<\/p>\n<ul>\n<li>generare statistiche e i vari elementi che compongono il sito (sezioni e contenuti visitati, percorso) al fine di migliorare l'esperienza di navigazione offerta;<\/li>\n<li>per contare il numero totale di annunci pubblicitari da lui visualizzati sui suoi spazi pubblicitari, per identificare tali annunci, il numero di volte in cui vengono visualizzati, il numero di clic e le informazioni di navigazione.<\/li>\n<\/ul>\n<p>Esempio di cookie analitici<\/p>\n<ul>\n<li>Analytics: registrazione dei dati di navigazione<\/li>\n<li>utm Analytics: registrazione dei dati di navigazione<\/li>\n<li>Campagna: registrazione dei dati di navigazione delle campagne pubblicitarie<\/li>\n<\/ul>\n<h3>Cookie e plug-in dei social network (pulsanti sociali)<\/h3>\n<p>La societ\u00e0 di gestione pu\u00f2 includere nel sito web strumenti per la condivisione di contenuti con altre persone o per far conoscere a queste altre persone la vostra consultazione o la vostra opinione sui contenuti del nostro sito. Questo vale in particolare per i pulsanti \"Condividi\" e \"Mi piace\" dei social network come Facebook, Twitter, ecc.<\/p>\n<p>La societ\u00e0 operativa non ha alcun controllo sul processo di raccolta delle informazioni da parte dei social network.<\/p>\n<ul>\n<li>Facebook Connect: login con il proprio account Facebook<\/li>\n<li>Facebook Social Graph: condivisione della pagina su Facebook<\/li>\n<li>Pinterest: condivisione della pagina su Pinterest<\/li>\n<li>Linkedin: condivisione della pagina su Linkedin<\/li>\n<li>Instagram: condivisione della pagina su Instagram<\/li>\n<\/ul>\n<h3>Cookie e identificatori di macchina per transazioni sicure<\/h3>\n<p>Vi informiamo che durante il vostro ordine, la societ\u00e0 di gestione, o i suoi fornitori di servizi che agiscono per suo conto, possono inserire cookie o raccogliere informazioni relative al vostro terminale, in particolare le informazioni (attributi tecnici di sicurezza) necessarie per il riconoscimento dell'apparecchiatura (computer, tablet o telefono cellulare) al fine di identificare la vostra apparecchiatura per garantire le transazioni nel vostro interesse.<\/p>\n<h3>Cookie pubblicitari<\/h3>\n<p>I contenuti pubblicitari (grafici, animazioni, video, ecc.) visualizzati negli spazi pubblicitari della societ\u00e0 operativa possono contenere cookie emessi da terzi che possono consentire, durante il periodo di validit\u00e0 dei cookie, di contare i clic, ma anche di offrirvi gli annunci pubblicitari pi\u00f9 adatti in base al vostro comportamento di navigazione, ai vostri interessi e alle vostre preferenze.<\/p>\n<p>Il rifiuto dei cookie pubblicitari non ha alcun impatto sull'uso del sito e non interrompe la pubblicit\u00e0 sul sito o su Internet. Ci\u00f2 comporter\u00e0 solo la visualizzazione di pubblicit\u00e0 che non tiene conto dei vostri interessi o preferenze.<\/p>\n<p>Questi cookie dipendono principalmente dalle agenzie pubblicitarie. Non possiamo elencarli in modo esaustivo:<\/p>\n<ul>\n<li>AdWords: acquisto di parole chiave sponsorizzate visualizzate su Google<\/li>\n<li>Pubblico personalizzato di Facebook<\/li>\n<li>pubblicit\u00e0 mirata: registrazione del percorso di navigazione<\/li>\n<\/ul>\n<h3>Pubblicit\u00e0 mirata<\/h3>\n<p>Il sito pu\u00f2 contenere cookie rilasciati da terzi (agenzie e strumenti pubblicitari) e consentire a questi ultimi, durante il periodo di validit\u00e0 del cookie, di raccogliere i dati di navigazione relativi ai dispositivi che si collegano ai nostri siti, ma anche di proporvi contenuti pubblicitari suscettibili di corrispondere alla vostra precedente navigazione sul sito.<\/p>\n<p>In nessun caso questa raccolta di dati consente a questi fornitori di servizi di identificarvi personalmente. Il nome, il cognome, il nome utente, l'indirizzo postale, l'indirizzo e-mail e la password non vengono mai comunicati a terzi senza il vostro preventivo ed esplicito consenso.<\/p>\n<h3>Le vostre scelte in materia di cookie<\/h3>\n<p>L'utente ha a disposizione diverse opzioni per la gestione dei cookie. Le impostazioni effettuate possono influire sulla vostra capacit\u00e0 di navigare in Internet e di accedere a determinati servizi che richiedono l'uso di cookie.<\/p>\n<h3>Le scelte disponibili attraverso il browser<\/h3>\n<p>\u00c8 possibile personalizzare il proprio browser Internet (Google Chrome, Internet Explorer, Mozilla Firefox ecc.) in modo che i cookie vengano memorizzati sul proprio terminale o rifiutati.<\/p>\n<h3>Rifiuto dei cookie<\/h3>\n<p>Se rifiutate di accettare i cookie, alcune funzioni, come l'identificazione\/collegamento al vostro spazio personale, la personalizzazione della vostra navigazione (scelta della lingua preferita, ad esempio) non saranno pi\u00f9 disponibili.<\/p>\n<p>La societ\u00e0 operativa declina ogni responsabilit\u00e0 per le conseguenze di un funzionamento degradato dei suoi servizi e delle sue funzionalit\u00e0 a causa del rifiuto del cookie.<\/p>\n<h3>Come esercitate le vostre scelte, a seconda del browser che utilizzate?<\/h3>\n<p>Ogni browser ha una configurazione diversa per la gestione dei cookie e delle scelte dell'utente. Ci\u00f2 \u00e8 descritto nel menu di aiuto del vostro browser, che vi indicher\u00e0 come modificare le vostre preferenze sui cookie.<\/p>\n<p>Per Internet Explorer\u2122 :<\/p>\n<p><a href=\"https:\/\/support.microsoft.com\/fr-fr\/help\/17442\/windows-internet-explorer-delete-manage-cookies\" target=\"_blank\" rel=\"noopener nofollow\">https:\/\/support.microsoft.com\/fr-fr\/help\/17442\/windows-internet-explorer-delete-manage-cookies<\/a><br>o<\/p>\n<p>In Internet Explorer, fare clic sul pulsante Strumenti, quindi su Opzioni Internet. Nella scheda Generale, alla voce Cronologia di navigazione, fare clic su Impostazioni. Fare clic sul pulsante Mostra file. Fare clic sull'intestazione della colonna Nome per ordinare tutti i file in ordine alfabetico, quindi scorrere l'elenco fino a visualizzare i file che iniziano con il prefisso \"Cookie\" (tutti i cookie hanno questo prefisso e di solito contengono il nome del sito web che ha creato il cookie). Selezionate i cookie contenenti il nome della societ\u00e0 operativa e cancellateli. Chiudere la finestra contenente l'elenco dei file e fare doppio clic su OK per tornare a Internet Explorer.<\/p>\n<p>Per Safari\u2122:<\/p>\n<p><a href=\"https:\/\/support.apple.com\/fr-fr\/guide\/safari\/sfri11471\/mac\" target=\"_blank\" rel=\"noopener nofollow\">https:\/\/support.apple.com\/fr-fr\/guide\/safari\/sfri11471\/mac<\/a><br>Oppure<br>Nel browser, scegliere Modifica &gt; Preferenze. Fare clic su Sicurezza. Fare clic su Mostra cookie. Selezionate i cookie che contengono il nome della societ\u00e0 operativa e fate clic su Elimina o Elimina tutto. Dopo aver eliminato i cookie, fare clic su Fine.<\/p>\n<p>Per Chrome\u2122:<\/p>\n<p><a href=\"https:\/\/support.google.com\/chrome\/bin\/answer.py?hl=fr&amp;hlrm=en&amp;answer=95647\" target=\"_blank\" rel=\"noopener nofollow\">https:\/\/support.google.com\/chrome\/bin\/answer.py?hl=fr&amp;hlrm=en&amp;answer=95647<\/a><br>Oppure<br>Aprire Google Chrome. Nella barra degli strumenti del browser, fare clic su Altro. Spostate il cursore su Altri strumenti e fate clic su Cancella dati di navigazione. Nella finestra Cancella dati di navigazione, selezionare le caselle di controllo Cookie e dati di altri siti o plug-in e Immagini e file memorizzati nella cache. Utilizzare il menu in alto per selezionare la quantit\u00e0 di dati che si desidera eliminare. Selezionare Da inizio per eliminare tutto. Fare clic su Cancella dati di navigazione.<\/p>\n<p>Per Firefox\u2122:<\/p>\n<p><a href=\"https:\/\/support.mozilla.org\/fr\/kb\/Activer%20et%20d%C3%A9sactiver%20les%20cookies\" target=\"_blank\" rel=\"noopener nofollow\">https:\/\/support.mozilla.org\/fr\/kb\/Activer%20et%20d%C3%A9sactiver%20les%20cookies<\/a><br>Oppure<br>Accedere alla scheda \"Strumenti\" del browser e selezionare il menu \"Opzioni\". Nella finestra che appare, scegliete \"Privacy\" e fate clic su \"Elimina cookie specifici\". Individuare i file che contengono il nome della societ\u00e0 operativa. Selezionarli ed eliminarli.<\/p>\n<h3>Per ulteriori informazioni sui cookie<\/h3>\n<p>La societ\u00e0 operativa vi invita a consultare il sito web della CNIL al seguente indirizzo&nbsp;<a href=\"https:\/\/www.cnil.fr\/fr\/cookies-les-outils-pour-les-maitriser\" target=\"_blank\" rel=\"noopener nofollow\">https:\/\/www.cnil.fr\/fr\/cookies-les-outils-pour-les-maitriser<\/a><\/p>\n<h3>Rinvio all'Ombudsman dei consumatori<\/h3>\n<p>Ai sensi degli articoli L. 616-1 e R. 111-1 6\u00b0 del Codice del consumo, il cliente ha il diritto di rivolgersi all'Ombudsman del turismo e dei viaggi, i cui recapiti sono attualmente i seguenti<br>Mediatore turistico e di viaggio,<br>MTV Mediazione Turismo Viaggi<br>BP 80 303<br>75823 Parigi Cedex 1<\/p>\n<p><\/p>\t\t\t\t\t\t\t\t<\/div>\n\t\t\t\t<\/div>\n\t\t\t\t\t<\/div>\n\t\t<\/div>\n\t\t\t\t\t<\/div>\n\t\t<\/section>\n\t\t\t\t<\/div>","protected":false},"excerpt":{"rendered":"<p>Informazioni legali Denominazione sociale: H\u00d4TEL RESTAURANT LA PIETRALa forma giuridica: SARLSi\u00e8ge sociale: CHEMIN DU PHARE 20220 L ILE ROUSSEUfficio: CHEMIN DU PHARE 20220 L ILE ROUSSEMontante del capitale: C.76224.51\u20acE-mail: INFO@HOTEL-LAPIETRA.COMT\u00e9l\u00e9phone: 04.95.63.02.30Siret: 606 050 227 000 10APE: 5510 ZTVA intra-communautaire: FR 56606 050 227D\u00e9claration d'activit\u00e9 d'organisme de formation: 4733 10001Directeur de publication: MONSIEUR FRASSATI RINATUChi siamo? L'indirizzo del nostro sito web \u00e8: https:\/\/www.hotel-lapietra.com. Responsabilit\u00e0 Accedendo a questo [...]<\/p>","protected":false},"author":4,"featured_media":0,"parent":0,"menu_order":0,"comment_status":"closed","ping_status":"closed","template":"","meta":{"inline_featured_image":false,"footnotes":""},"class_list":["post-3","page","type-page","status-publish","hentry"],"_links":{"self":[{"href":"https:\/\/www.hotel-lapietra.com\/it\/wp-json\/wp\/v2\/pages\/3","targetHints":{"allow":["GET"]}}],"collection":[{"href":"https:\/\/www.hotel-lapietra.com\/it\/wp-json\/wp\/v2\/pages"}],"about":[{"href":"https:\/\/www.hotel-lapietra.com\/it\/wp-json\/wp\/v2\/types\/page"}],"author":[{"embeddable":true,"href":"https:\/\/www.hotel-lapietra.com\/it\/wp-json\/wp\/v2\/users\/4"}],"replies":[{"embeddable":true,"href":"https:\/\/www.hotel-lapietra.com\/it\/wp-json\/wp\/v2\/comments?post=3"}],"version-history":[{"count":52,"href":"https:\/\/www.hotel-lapietra.com\/it\/wp-json\/wp\/v2\/pages\/3\/revisions"}],"predecessor-version":[{"id":8674,"href":"https:\/\/www.hotel-lapietra.com\/it\/wp-json\/wp\/v2\/pages\/3\/revisions\/8674"}],"wp:attachment":[{"href":"https:\/\/www.hotel-lapietra.com\/it\/wp-json\/wp\/v2\/media?parent=3"}],"curies":[{"name":"wp","href":"https:\/\/api.w.org\/{rel}","templated":true}]}}