{"id":7443,"date":"2023-01-19T18:03:37","date_gmt":"2023-01-19T17:03:37","guid":{"rendered":"https:\/\/www.hotel-lapietra.com\/?page_id=7443"},"modified":"2023-03-13T11:40:26","modified_gmt":"2023-03-13T10:40:26","slug":"hotel-balagne-balagne","status":"publish","type":"page","link":"https:\/\/www.hotel-lapietra.com\/it\/turismo-hotel-ile-rousse-corsica\/hotel-balagne-balagne\/","title":{"rendered":"Balagne"},"content":{"rendered":"<div data-elementor-type=\"wp-page\" data-elementor-id=\"7443\" class=\"elementor elementor-7443\" data-elementor-post-type=\"page\">\n\t\t\t\t\t\t<section class=\"elementor-section elementor-top-section elementor-element elementor-element-d6c7843 elementor-section-full_width elementor-section-height-min-height elementor-section-height-default elementor-section-items-middle\" data-id=\"d6c7843\" data-element_type=\"section\" data-settings=\"{&quot;background_background&quot;:&quot;classic&quot;}\">\n\t\t\t\t\t\t\t<div class=\"elementor-background-overlay\"><\/div>\n\t\t\t\t\t\t\t<div class=\"elementor-container elementor-column-gap-default\">\n\t\t\t\t\t<div class=\"elementor-column elementor-col-100 elementor-top-column elementor-element elementor-element-88bef6c\" data-id=\"88bef6c\" data-element_type=\"column\">\n\t\t\t<div class=\"elementor-widget-wrap elementor-element-populated\">\n\t\t\t\t\t\t\t<\/div>\n\t\t<\/div>\n\t\t\t\t\t<\/div>\n\t\t<\/section>\n\t\t\t\t<section class=\"elementor-section elementor-top-section elementor-element elementor-element-99f5059 elementor-section-boxed elementor-section-height-default elementor-section-height-default\" data-id=\"99f5059\" data-element_type=\"section\" data-settings=\"{&quot;background_background&quot;:&quot;classic&quot;}\">\n\t\t\t\t\t\t\t<div class=\"elementor-background-overlay\"><\/div>\n\t\t\t\t\t\t\t<div class=\"elementor-container elementor-column-gap-default\">\n\t\t\t\t\t<div class=\"elementor-column elementor-col-50 elementor-top-column elementor-element elementor-element-caa8998\" data-id=\"caa8998\" data-element_type=\"column\">\n\t\t\t<div class=\"elementor-widget-wrap elementor-element-populated\">\n\t\t\t\t\t\t<div class=\"elementor-element elementor-element-d9f3b11 elementor-widget elementor-widget-heading\" data-id=\"d9f3b11\" data-element_type=\"widget\" data-widget_type=\"heading.default\">\n\t\t\t\t<div class=\"elementor-widget-container\">\n\t\t\t\t\t<h2 class=\"elementor-heading-title elementor-size-default\">Il nostro hotel della Balagne, punto di partenza per questo gioiello corso<\/h2>\t\t\t\t<\/div>\n\t\t\t\t<\/div>\n\t\t\t\t<div class=\"elementor-element elementor-element-f0c852e elementor-widget elementor-widget-text-editor\" data-id=\"f0c852e\" data-element_type=\"widget\" data-widget_type=\"text-editor.default\">\n\t\t\t\t<div class=\"elementor-widget-container\">\n\t\t\t\t\t\t\t\t\t<p>L'hotel La Pietra Balagne \u00e8 situato in posizione ideale nel cuore di questa regione ricca di storia. Punto di partenza per tutte le vostre visite, fate un tuffo nel tempo e scoprite cosa ha plasmato la nostra bella isola nel corso degli anni.<\/p><p>\u00a0<\/p><p>Spesso posta in primo piano sulla scena storica, come la fondazione di Ile Rousse da parte di Pasquale Paoli a met\u00e0 del XIX secolo per motivi strategici, oggi si trovano ovunque testimonianze di questo passato, oltre che delle tradizioni architettoniche e monumentali della zona. Le chiese sono numerose e testimoniano la piet\u00e0 dei corsi, dal romanico al barocco. Ci sono numerose cittadelle, a testimonianza della cupidigia di cui l'Isola della Bellezza \u00e8 sempre stata oggetto, respingendo valorosamente i suoi pretendenti meno delicati.<\/p>\t\t\t\t\t\t\t\t<\/div>\n\t\t\t\t<\/div>\n\t\t\t\t\t<\/div>\n\t\t<\/div>\n\t\t\t\t<div class=\"elementor-column elementor-col-50 elementor-top-column elementor-element elementor-element-0e33b50\" data-id=\"0e33b50\" data-element_type=\"column\">\n\t\t\t<div class=\"elementor-widget-wrap elementor-element-populated\">\n\t\t\t\t\t\t<div class=\"elementor-element elementor-element-eb64b02 elementor-widget elementor-widget-image\" data-id=\"eb64b02\" data-element_type=\"widget\" data-widget_type=\"image.default\">\n\t\t\t\t<div class=\"elementor-widget-container\">\n\t\t\t\t\t\t\t\t\t\t\t\t\t\t\t<img fetchpriority=\"high\" decoding=\"async\" width=\"1299\" height=\"2309\" src=\"https:\/\/www.hotel-lapietra.com\/wp-content\/uploads\/2023\/01\/Pigna-balagne.jpg\" class=\"attachment-full size-full wp-image-7994\" alt=\"foto-ruelle-fleurie-hotel-balagne\" srcset=\"https:\/\/www.hotel-lapietra.com\/wp-content\/uploads\/2023\/01\/Pigna-balagne.jpg 1299w, https:\/\/www.hotel-lapietra.com\/wp-content\/uploads\/2023\/01\/Pigna-balagne-169x300.jpg 169w, https:\/\/www.hotel-lapietra.com\/wp-content\/uploads\/2023\/01\/Pigna-balagne-576x1024.jpg 576w, https:\/\/www.hotel-lapietra.com\/wp-content\/uploads\/2023\/01\/Pigna-balagne-768x1365.jpg 768w, https:\/\/www.hotel-lapietra.com\/wp-content\/uploads\/2023\/01\/Pigna-balagne-864x1536.jpg 864w, https:\/\/www.hotel-lapietra.com\/wp-content\/uploads\/2023\/01\/Pigna-balagne-1152x2048.jpg 1152w, https:\/\/www.hotel-lapietra.com\/wp-content\/uploads\/2023\/01\/Pigna-balagne-7x12.jpg 7w\" sizes=\"(max-width: 1299px) 100vw, 1299px\" title=\"Foto -\">\t\t\t\t\t\t\t\t\t\t\t\t\t\t\t<\/div>\n\t\t\t\t<\/div>\n\t\t\t\t\t<\/div>\n\t\t<\/div>\n\t\t\t\t\t<\/div>\n\t\t<\/section>\n\t\t\t\t<section class=\"elementor-section elementor-top-section elementor-element elementor-element-a644436 elementor-section-full_width elementor-section-height-default elementor-section-height-default\" data-id=\"a644436\" data-element_type=\"section\">\n\t\t\t\t\t\t<div class=\"elementor-container elementor-column-gap-default\">\n\t\t\t\t\t<div class=\"elementor-column elementor-col-100 elementor-top-column elementor-element elementor-element-f3e776b\" data-id=\"f3e776b\" data-element_type=\"column\">\n\t\t\t<div class=\"elementor-widget-wrap elementor-element-populated\">\n\t\t\t\t\t\t<section class=\"elementor-section elementor-inner-section elementor-element elementor-element-c8d6fd3 elementor-section-full_width elementor-reverse-tablet elementor-reverse-mobile elementor-section-height-default elementor-section-height-default\" data-id=\"c8d6fd3\" data-element_type=\"section\">\n\t\t\t\t\t\t<div class=\"elementor-container elementor-column-gap-default\">\n\t\t\t\t\t<div class=\"elementor-column elementor-col-50 elementor-inner-column elementor-element elementor-element-fe80958\" data-id=\"fe80958\" data-element_type=\"column\">\n\t\t\t<div class=\"elementor-widget-wrap elementor-element-populated\">\n\t\t\t\t\t\t<div class=\"elementor-element elementor-element-cf0869f elementor-widget elementor-widget-image\" data-id=\"cf0869f\" data-element_type=\"widget\" data-widget_type=\"image.default\">\n\t\t\t\t<div class=\"elementor-widget-container\">\n\t\t\t\t\t\t\t\t\t\t\t\t\t\t\t<img decoding=\"async\" width=\"2121\" height=\"1414\" src=\"https:\/\/www.hotel-lapietra.com\/wp-content\/uploads\/2023\/01\/Speloncato-balagne-1.jpg\" class=\"attachment-full size-full wp-image-7992\" alt=\"foto-villaggio-speloncato-strada-hotel-balagne\" srcset=\"https:\/\/www.hotel-lapietra.com\/wp-content\/uploads\/2023\/01\/Speloncato-balagne-1.jpg 2121w, https:\/\/www.hotel-lapietra.com\/wp-content\/uploads\/2023\/01\/Speloncato-balagne-1-300x200.jpg 300w, https:\/\/www.hotel-lapietra.com\/wp-content\/uploads\/2023\/01\/Speloncato-balagne-1-1024x683.jpg 1024w, https:\/\/www.hotel-lapietra.com\/wp-content\/uploads\/2023\/01\/Speloncato-balagne-1-768x512.jpg 768w, https:\/\/www.hotel-lapietra.com\/wp-content\/uploads\/2023\/01\/Speloncato-balagne-1-1536x1024.jpg 1536w, https:\/\/www.hotel-lapietra.com\/wp-content\/uploads\/2023\/01\/Speloncato-balagne-1-2048x1365.jpg 2048w, https:\/\/www.hotel-lapietra.com\/wp-content\/uploads\/2023\/01\/Speloncato-balagne-1-18x12.jpg 18w\" sizes=\"(max-width: 2121px) 100vw, 2121px\" title=\"Foto -\">\t\t\t\t\t\t\t\t\t\t\t\t\t\t\t<\/div>\n\t\t\t\t<\/div>\n\t\t\t\t\t<\/div>\n\t\t<\/div>\n\t\t\t\t<div class=\"elementor-column elementor-col-50 elementor-inner-column elementor-element elementor-element-dc3893d\" data-id=\"dc3893d\" data-element_type=\"column\">\n\t\t\t<div class=\"elementor-widget-wrap elementor-element-populated\">\n\t\t\t\t\t\t<div class=\"elementor-element elementor-element-b9e5ad5 elementor-widget elementor-widget-heading\" data-id=\"b9e5ad5\" data-element_type=\"widget\" data-widget_type=\"heading.default\">\n\t\t\t\t<div class=\"elementor-widget-container\">\n\t\t\t\t\t<h2 class=\"elementor-heading-title elementor-size-default\">La Balagne, tra paesaggi e storia<\/h2>\t\t\t\t<\/div>\n\t\t\t\t<\/div>\n\t\t\t\t<div class=\"elementor-element elementor-element-3255694 elementor-widget elementor-widget-text-editor\" data-id=\"3255694\" data-element_type=\"widget\" data-widget_type=\"text-editor.default\">\n\t\t\t\t<div class=\"elementor-widget-container\">\n\t\t\t\t\t\t\t\t\t<p>I Balanesi, anche se non si sono sempre chiamati cos\u00ec, hanno occupato questo territorio a nord-est della nostra isola fin dal Neolitico. Questo significa che avete scelto, con l'Hotel La Pietra, un antico punto di influenza verso tutte le ricchezze della Corsica. Il know-how ancestrale si esprime qui nelle forme pi\u00f9 diverse, con una genialit\u00e0 che, ad esempio, sfrutta la fonte delle acque minerali di Zilia... nel cuore di una carta stradale che assomiglia alla carta dei vini del nostro ristorante!<\/p><p>\u00a0<\/p><p>Man mano che l'uomo ha avuto bisogno di addomesticare il suo ambiente, ha acquisito una padronanza che \u00e8 diventata un'abilit\u00e0 nell'arte del capolavoro. Gli artigiani qui non hanno escluso nessun campo di esercizio della loro maestria che \u00e8 diventato Arte. L'Artista-Artigiano non ha escluso nulla, il che gli permette oggi di proporre al vostro apprezzamento pezzi di bronzo, posate, vetri, sculture in legno e quei frutti quasi magici della ceramica. La natura circostante (terra o mare), non contenta di incantare lo sguardo ovunque approdi, ha offerto i suoi frutti all'addomesticamento. Durante tutto l'anno, le fiere e i mercati della Balagne offrono i gioielli pi\u00f9 appetitosi e freschi: carne, pesce, frutta, verdura, vini, liquori, prodotti derivati dall'onnipresente e nutriente castagna... La Balagne \u00e8 sicuramente una terra di abbondanza.<\/p>\t\t\t\t\t\t\t\t<\/div>\n\t\t\t\t<\/div>\n\t\t\t\t\t<\/div>\n\t\t<\/div>\n\t\t\t\t\t<\/div>\n\t\t<\/section>\n\t\t\t\t<section class=\"elementor-section elementor-inner-section elementor-element elementor-element-0b23527 elementor-section-height-min-height elementor-section-boxed elementor-section-height-default\" data-id=\"0b23527\" data-element_type=\"section\" data-settings=\"{&quot;background_background&quot;:&quot;classic&quot;}\">\n\t\t\t\t\t\t\t<div class=\"elementor-background-overlay\"><\/div>\n\t\t\t\t\t\t\t<div class=\"elementor-container elementor-column-gap-default\">\n\t\t\t\t\t<div class=\"elementor-column elementor-col-100 elementor-inner-column elementor-element elementor-element-73b4ee9\" data-id=\"73b4ee9\" data-element_type=\"column\">\n\t\t\t<div class=\"elementor-widget-wrap\">\n\t\t\t\t\t\t\t<\/div>\n\t\t<\/div>\n\t\t\t\t\t<\/div>\n\t\t<\/section>\n\t\t\t\t\t<\/div>\n\t\t<\/div>\n\t\t\t\t\t<\/div>\n\t\t<\/section>\n\t\t\t\t<section class=\"elementor-section elementor-top-section elementor-element elementor-element-4d54fe9 elementor-section-full_width elementor-section-height-default elementor-section-height-default\" data-id=\"4d54fe9\" data-element_type=\"section\" data-settings=\"{&quot;background_background&quot;:&quot;classic&quot;}\">\n\t\t\t\t\t\t\t<div class=\"elementor-background-overlay\"><\/div>\n\t\t\t\t\t\t\t<div class=\"elementor-container elementor-column-gap-narrow\">\n\t\t\t\t\t<div class=\"elementor-column elementor-col-100 elementor-top-column elementor-element elementor-element-de54cb7\" data-id=\"de54cb7\" data-element_type=\"column\">\n\t\t\t<div class=\"elementor-widget-wrap elementor-element-populated\">\n\t\t\t\t\t\t<div class=\"elementor-element elementor-element-0923c44 elementor-widget elementor-widget-heading\" data-id=\"0923c44\" data-element_type=\"widget\" data-widget_type=\"heading.default\">\n\t\t\t\t<div class=\"elementor-widget-container\">\n\t\t\t\t\t<h2 class=\"elementor-heading-title elementor-size-default\">Vedi anche<\/h2>\t\t\t\t<\/div>\n\t\t\t\t<\/div>\n\t\t\t\t<section class=\"elementor-section elementor-inner-section elementor-element elementor-element-575b2ba elementor-section-boxed elementor-section-height-default elementor-section-height-default\" data-id=\"575b2ba\" data-element_type=\"section\">\n\t\t\t\t\t\t<div class=\"elementor-container elementor-column-gap-default\">\n\t\t\t\t\t<div class=\"elementor-column elementor-col-33 elementor-inner-column elementor-element elementor-element-5713d81\" data-id=\"5713d81\" data-element_type=\"column\">\n\t\t\t<div class=\"elementor-widget-wrap elementor-element-populated\">\n\t\t\t\t\t\t<div class=\"elementor-element elementor-element-5ddba2b elementor-widget elementor-widget-image\" data-id=\"5ddba2b\" data-element_type=\"widget\" data-widget_type=\"image.default\">\n\t\t\t\t<div class=\"elementor-widget-container\">\n\t\t\t\t\t\t\t\t\t\t\t\t\t\t\t<img decoding=\"async\" width=\"2126\" height=\"1410\" src=\"https:\/\/www.hotel-lapietra.com\/wp-content\/uploads\/2023\/01\/corse.jpg\" class=\"attachment-full size-full wp-image-7975\" alt=\"foto-cote-corse-ile-rousse\" srcset=\"https:\/\/www.hotel-lapietra.com\/wp-content\/uploads\/2023\/01\/corse.jpg 2126w, https:\/\/www.hotel-lapietra.com\/wp-content\/uploads\/2023\/01\/corse-300x199.jpg 300w, https:\/\/www.hotel-lapietra.com\/wp-content\/uploads\/2023\/01\/corse-1024x679.jpg 1024w, https:\/\/www.hotel-lapietra.com\/wp-content\/uploads\/2023\/01\/corse-768x509.jpg 768w, https:\/\/www.hotel-lapietra.com\/wp-content\/uploads\/2023\/01\/corse-1536x1019.jpg 1536w, https:\/\/www.hotel-lapietra.com\/wp-content\/uploads\/2023\/01\/corse-2048x1358.jpg 2048w, https:\/\/www.hotel-lapietra.com\/wp-content\/uploads\/2023\/01\/corse-18x12.jpg 18w\" sizes=\"(max-width: 2126px) 100vw, 2126px\" title=\"Foto -\">\t\t\t\t\t\t\t\t\t\t\t\t\t\t\t<\/div>\n\t\t\t\t<\/div>\n\t\t\t\t<div class=\"elementor-element elementor-element-6c8c34c elementor-widget elementor-widget-heading\" data-id=\"6c8c34c\" data-element_type=\"widget\" data-widget_type=\"heading.default\">\n\t\t\t\t<div class=\"elementor-widget-container\">\n\t\t\t\t\t<h3 class=\"elementor-heading-title elementor-size-default\">Corsica<\/h3>\t\t\t\t<\/div>\n\t\t\t\t<\/div>\n\t\t\t\t<div class=\"elementor-element elementor-element-d03aa0b elementor-align-center elementor-widget elementor-widget-button\" data-id=\"d03aa0b\" data-element_type=\"widget\" data-widget_type=\"button.default\">\n\t\t\t\t<div class=\"elementor-widget-container\">\n\t\t\t\t\t\t\t\t\t<div class=\"elementor-button-wrapper\">\n\t\t\t\t\t<a class=\"elementor-button elementor-button-link elementor-size-sm\" href=\"https:\/\/www.hotel-lapietra.com\/it\/turismo-hotel-ile-rousse-corsica\/corsica-ile-rousse\/\">\n\t\t\t\t\t\t<span class=\"elementor-button-content-wrapper\">\n\t\t\t\t\t\t\t\t\t<span class=\"elementor-button-text\">Per saperne di pi\u00f9<\/span>\n\t\t\t\t\t<\/span>\n\t\t\t\t\t<\/a>\n\t\t\t\t<\/div>\n\t\t\t\t\t\t\t\t<\/div>\n\t\t\t\t<\/div>\n\t\t\t\t\t<\/div>\n\t\t<\/div>\n\t\t\t\t<div class=\"elementor-column elementor-col-33 elementor-inner-column elementor-element elementor-element-4895b0f\" data-id=\"4895b0f\" data-element_type=\"column\">\n\t\t\t<div class=\"elementor-widget-wrap elementor-element-populated\">\n\t\t\t\t\t\t<div class=\"elementor-element elementor-element-125e731 elementor-widget elementor-widget-image\" data-id=\"125e731\" data-element_type=\"widget\" data-widget_type=\"image.default\">\n\t\t\t\t<div class=\"elementor-widget-container\">\n\t\t\t\t\t\t\t\t\t\t\t\t\t\t\t<img loading=\"lazy\" decoding=\"async\" width=\"2121\" height=\"1414\" src=\"https:\/\/www.hotel-lapietra.com\/wp-content\/uploads\/2023\/01\/ile-rousse.jpg\" class=\"attachment-full size-full wp-image-7980\" alt=\"foto-pagamento-ile-rousse-hotel\" srcset=\"https:\/\/www.hotel-lapietra.com\/wp-content\/uploads\/2023\/01\/ile-rousse.jpg 2121w, https:\/\/www.hotel-lapietra.com\/wp-content\/uploads\/2023\/01\/ile-rousse-300x200.jpg 300w, https:\/\/www.hotel-lapietra.com\/wp-content\/uploads\/2023\/01\/ile-rousse-1024x683.jpg 1024w, https:\/\/www.hotel-lapietra.com\/wp-content\/uploads\/2023\/01\/ile-rousse-768x512.jpg 768w, https:\/\/www.hotel-lapietra.com\/wp-content\/uploads\/2023\/01\/ile-rousse-1536x1024.jpg 1536w, https:\/\/www.hotel-lapietra.com\/wp-content\/uploads\/2023\/01\/ile-rousse-2048x1365.jpg 2048w, https:\/\/www.hotel-lapietra.com\/wp-content\/uploads\/2023\/01\/ile-rousse-18x12.jpg 18w\" sizes=\"(max-width: 2121px) 100vw, 2121px\" title=\"Foto -\">\t\t\t\t\t\t\t\t\t\t\t\t\t\t\t<\/div>\n\t\t\t\t<\/div>\n\t\t\t\t<div class=\"elementor-element elementor-element-ff23c54 elementor-widget elementor-widget-heading\" data-id=\"ff23c54\" data-element_type=\"widget\" data-widget_type=\"heading.default\">\n\t\t\t\t<div class=\"elementor-widget-container\">\n\t\t\t\t\t<h3 class=\"elementor-heading-title elementor-size-default\">L'isola rossa<\/h3>\t\t\t\t<\/div>\n\t\t\t\t<\/div>\n\t\t\t\t<div class=\"elementor-element elementor-element-87e84c4 elementor-align-center elementor-widget elementor-widget-button\" data-id=\"87e84c4\" data-element_type=\"widget\" data-widget_type=\"button.default\">\n\t\t\t\t<div class=\"elementor-widget-container\">\n\t\t\t\t\t\t\t\t\t<div class=\"elementor-button-wrapper\">\n\t\t\t\t\t<a class=\"elementor-button elementor-button-link elementor-size-sm\" href=\"https:\/\/www.hotel-lapietra.com\/it\/turismo-hotel-ile-rousse-corsica\/spiaggia-di-lile-rousse\/\">\n\t\t\t\t\t\t<span class=\"elementor-button-content-wrapper\">\n\t\t\t\t\t\t\t\t\t<span class=\"elementor-button-text\">Per saperne di pi\u00f9<\/span>\n\t\t\t\t\t<\/span>\n\t\t\t\t\t<\/a>\n\t\t\t\t<\/div>\n\t\t\t\t\t\t\t\t<\/div>\n\t\t\t\t<\/div>\n\t\t\t\t\t<\/div>\n\t\t<\/div>\n\t\t\t\t<div class=\"elementor-column elementor-col-33 elementor-inner-column elementor-element elementor-element-05882db\" data-id=\"05882db\" data-element_type=\"column\">\n\t\t\t<div class=\"elementor-widget-wrap elementor-element-populated\">\n\t\t\t\t\t\t<div class=\"elementor-element elementor-element-ee5700d elementor-widget elementor-widget-image\" data-id=\"ee5700d\" data-element_type=\"widget\" data-widget_type=\"image.default\">\n\t\t\t\t<div class=\"elementor-widget-container\">\n\t\t\t\t\t\t\t\t\t\t\t\t\t\t\t<img loading=\"lazy\" decoding=\"async\" width=\"2311\" height=\"1297\" src=\"https:\/\/www.hotel-lapietra.com\/wp-content\/uploads\/2023\/01\/corse-1.jpg\" class=\"attachment-full size-full wp-image-7976\" alt=\"foto-cote-corse-ile-rousse\" srcset=\"https:\/\/www.hotel-lapietra.com\/wp-content\/uploads\/2023\/01\/corse-1.jpg 2311w, https:\/\/www.hotel-lapietra.com\/wp-content\/uploads\/2023\/01\/corse-1-300x168.jpg 300w, https:\/\/www.hotel-lapietra.com\/wp-content\/uploads\/2023\/01\/corse-1-1024x575.jpg 1024w, https:\/\/www.hotel-lapietra.com\/wp-content\/uploads\/2023\/01\/corse-1-768x431.jpg 768w, https:\/\/www.hotel-lapietra.com\/wp-content\/uploads\/2023\/01\/corse-1-1536x862.jpg 1536w, https:\/\/www.hotel-lapietra.com\/wp-content\/uploads\/2023\/01\/corse-1-2048x1149.jpg 2048w, https:\/\/www.hotel-lapietra.com\/wp-content\/uploads\/2023\/01\/corse-1-18x10.jpg 18w\" sizes=\"(max-width: 2311px) 100vw, 2311px\" title=\"Foto -\">\t\t\t\t\t\t\t\t\t\t\t\t\t\t\t<\/div>\n\t\t\t\t<\/div>\n\t\t\t\t<div class=\"elementor-element elementor-element-03ecb3d elementor-widget elementor-widget-heading\" data-id=\"03ecb3d\" data-element_type=\"widget\" data-widget_type=\"heading.default\">\n\t\t\t\t<div class=\"elementor-widget-container\">\n\t\t\t\t\t<h3 class=\"elementor-heading-title elementor-size-default\">Turismo<\/h3>\t\t\t\t<\/div>\n\t\t\t\t<\/div>\n\t\t\t\t<div class=\"elementor-element elementor-element-8e54395 elementor-align-center elementor-widget elementor-widget-button\" data-id=\"8e54395\" data-element_type=\"widget\" data-widget_type=\"button.default\">\n\t\t\t\t<div class=\"elementor-widget-container\">\n\t\t\t\t\t\t\t\t\t<div class=\"elementor-button-wrapper\">\n\t\t\t\t\t<a class=\"elementor-button elementor-button-link elementor-size-sm\" href=\"https:\/\/www.hotel-lapietra.com\/it\/turismo-hotel-ile-rousse-corsica\/\">\n\t\t\t\t\t\t<span class=\"elementor-button-content-wrapper\">\n\t\t\t\t\t\t\t\t\t<span class=\"elementor-button-text\">Per saperne di pi\u00f9<\/span>\n\t\t\t\t\t<\/span>\n\t\t\t\t\t<\/a>\n\t\t\t\t<\/div>\n\t\t\t\t\t\t\t\t<\/div>\n\t\t\t\t<\/div>\n\t\t\t\t\t<\/div>\n\t\t<\/div>\n\t\t\t\t\t<\/div>\n\t\t<\/section>\n\t\t\t\t\t<\/div>\n\t\t<\/div>\n\t\t\t\t\t<\/div>\n\t\t<\/section>\n\t\t\t\t<\/div>","protected":false},"excerpt":{"rendered":"<p>Il nostro hotel Balagne, punto di partenza per questo gioiello corso La Pietra hotel Balagne \u00e8 situato in posizione ideale nel cuore di questa regione ricca di storia. Come punto di partenza per tutte le vostre visite, fate un tuffo indietro nel tempo e scoprite ci\u00f2 che ha plasmato la nostra bella isola nel corso degli anni.   Spesso posta all'avanguardia [...]<\/p>","protected":false},"author":2,"featured_media":0,"parent":368,"menu_order":0,"comment_status":"closed","ping_status":"closed","template":"","meta":{"inline_featured_image":false,"footnotes":""},"class_list":["post-7443","page","type-page","status-publish","hentry"],"_links":{"self":[{"href":"https:\/\/www.hotel-lapietra.com\/it\/wp-json\/wp\/v2\/pages\/7443","targetHints":{"allow":["GET"]}}],"collection":[{"href":"https:\/\/www.hotel-lapietra.com\/it\/wp-json\/wp\/v2\/pages"}],"about":[{"href":"https:\/\/www.hotel-lapietra.com\/it\/wp-json\/wp\/v2\/types\/page"}],"author":[{"embeddable":true,"href":"https:\/\/www.hotel-lapietra.com\/it\/wp-json\/wp\/v2\/users\/2"}],"replies":[{"embeddable":true,"href":"https:\/\/www.hotel-lapietra.com\/it\/wp-json\/wp\/v2\/comments?post=7443"}],"version-history":[{"count":33,"href":"https:\/\/www.hotel-lapietra.com\/it\/wp-json\/wp\/v2\/pages\/7443\/revisions"}],"predecessor-version":[{"id":9220,"href":"https:\/\/www.hotel-lapietra.com\/it\/wp-json\/wp\/v2\/pages\/7443\/revisions\/9220"}],"up":[{"embeddable":true,"href":"https:\/\/www.hotel-lapietra.com\/it\/wp-json\/wp\/v2\/pages\/368"}],"wp:attachment":[{"href":"https:\/\/www.hotel-lapietra.com\/it\/wp-json\/wp\/v2\/media?parent=7443"}],"curies":[{"name":"wp","href":"https:\/\/api.w.org\/{rel}","templated":true}]}}