{"id":7519,"date":"2023-01-20T12:14:33","date_gmt":"2023-01-20T11:14:33","guid":{"rendered":"https:\/\/www.hotel-lapietra.com\/?page_id=7519"},"modified":"2024-07-14T09:16:50","modified_gmt":"2024-07-14T07:16:50","slug":"maggiori-informazioni","status":"publish","type":"page","link":"https:\/\/www.hotel-lapietra.com\/it\/maggiori-informazioni\/","title":{"rendered":"Pi\u00f9 informazioni"},"content":{"rendered":"<div data-elementor-type=\"wp-page\" data-elementor-id=\"7519\" class=\"elementor elementor-7519\" data-elementor-post-type=\"page\">\n\t\t\t\t\t\t<section class=\"elementor-section elementor-top-section elementor-element elementor-element-6a615d48 elementor-section-full_width elementor-section-height-full elementor-section-height-default elementor-section-items-middle\" data-id=\"6a615d48\" data-element_type=\"section\" data-settings=\"{&quot;background_background&quot;:&quot;classic&quot;}\">\n\t\t\t\t\t\t\t<div class=\"elementor-background-overlay\"><\/div>\n\t\t\t\t\t\t\t<div class=\"elementor-container elementor-column-gap-default\">\n\t\t\t\t\t<div class=\"elementor-column elementor-col-100 elementor-top-column elementor-element elementor-element-049a6b4\" data-id=\"049a6b4\" data-element_type=\"column\">\n\t\t\t<div class=\"elementor-widget-wrap elementor-element-populated\">\n\t\t\t\t\t\t<div class=\"elementor-element elementor-element-2c878d8 elementor-widget elementor-widget-heading\" data-id=\"2c878d8\" data-element_type=\"widget\" data-widget_type=\"heading.default\">\n\t\t\t\t<div class=\"elementor-widget-container\">\n\t\t\t\t\t<h1 class=\"elementor-heading-title elementor-size-default\">Albergo \u00cele Rousse<\/h1>\t\t\t\t<\/div>\n\t\t\t\t<\/div>\n\t\t\t\t\t<\/div>\n\t\t<\/div>\n\t\t\t\t\t<\/div>\n\t\t<\/section>\n\t\t\t\t<section class=\"elementor-section elementor-top-section elementor-element elementor-element-dde8c9b elementor-section-boxed elementor-section-height-default elementor-section-height-default\" data-id=\"dde8c9b\" data-element_type=\"section\">\n\t\t\t\t\t\t<div class=\"elementor-container elementor-column-gap-default\">\n\t\t\t\t\t<div class=\"elementor-column elementor-col-100 elementor-top-column elementor-element elementor-element-f2aea61\" data-id=\"f2aea61\" data-element_type=\"column\">\n\t\t\t<div class=\"elementor-widget-wrap elementor-element-populated\">\n\t\t\t\t\t\t<div class=\"elementor-element elementor-element-2cea83c elementor-widget elementor-widget-text-editor\" data-id=\"2cea83c\" data-element_type=\"widget\" data-widget_type=\"text-editor.default\">\n\t\t\t\t<div class=\"elementor-widget-container\">\n\t\t\t\t\t\t\t\t\t<h2 class=\"titresTypeh2\">Albergo 3 stelle La Pietra<\/h2>\n<div class=\"content\">\n<p>Siete alla ricerca di convivialit\u00e0 e benessere per il vostro prossimo&nbsp;<a href=\"https:\/\/www.hotel-lapietra.com\/fr\/hotel-corse-vue-mer.html\">vacanze in Corsica<\/a>&nbsp;? Perch\u00e9 non scoprire con noi la bellissima citt\u00e0 di Paolo, L'<a href=\"https:\/\/www.hotel-lapietra.com\/fr\/hotel-corse-vue-mer\/visiter-ile-rousse-corse.html\">Ile-Rousse<\/a>&#8230;<\/p>\n<p>Dominando uno dei pi\u00f9 bei golfi del Mediterraneo, nel nord-ovest della Corsica, nel cuore della&nbsp;<a href=\"https:\/\/www.hotel-lapietra.com\/fr\/hotel-corse-vue-mer\/visiter-balagne-corse.html\">Balagne<\/a>L'Ile-Rousse \u00e8 un luogo dove si pu\u00f2 godere di un'atmosfera amichevole e di benessere per tutta la famiglia.<\/p>\n<p><\/p>\n<p>Appena arrivati, sarete sedotti dalla sua Place Paoli. Potrete lasciarvi tentare dalle terrazze ombreggiate dei caff\u00e8, oppure passeggiare su una panchina e ammirare la semplicit\u00e0 della vita. E se volete un po' di svago, un piccolo giro nei campi da bocce improvvisati vi regaler\u00e0 piacevoli momenti di relax.<\/p>\n<p><\/p>\n<p>L'Ile-Rousse ha anche tre belle spiagge di sabbia fine. Ognuno trover\u00e0 ci\u00f2 che cerca: club di vela, jet-ski, boe trainate per i pi\u00f9 sportivi, sdraio e bagni di sole per gli amanti del sole, senza dimenticare il parco giochi preferito delle nostre graziose testoline, che possono inventare storie meravigliose di castelli di sabbia... L'<a href=\"https:\/\/www.hotel-lapietra.com\/fr\/\">hotel La Pietra<\/a>&nbsp;vi d\u00e0 il benvenuto per un soggiorno indimenticabile in Corsica.<\/p>\n<p>Ma L'Ile-Rousse non \u00e8 solo mare! Potete partire alla scoperta dei villaggi che hanno fatto la sua storia: Corbara, Monticello, Pigna, Santa Reparata e Sant'Antonino vi sveleranno i loro segreti alla svolta di un vicolo acciottolato o di una piazza. E se ne avete voglia, i sentieri escursionistici vi permetteranno di seguire le orme degli antichi mulattieri delle Balagne. E non dimenticate la valle del Reginu, con il suo campo da golf a 9 buche che offre un green fee nel cuore della natura.<\/p>\n<p><\/p>\n<p>Artigiani, patrimonio, spiaggia e convivialit\u00e0, ecco gli ingredienti che vi permetteranno di rendere la vostra prossima vacanza a L'Ile-Rousse un soggiorno eccezionale! Per un soggiorno meraviglioso, dormite in un&nbsp;<a href=\"https:\/\/www.hotel-lapietra.com\/fr\/chambres-balagne.html\">camera dell'Hotel La Pietra<\/a>&nbsp;in Alta Corsica!<\/p>\n<\/div>\t\t\t\t\t\t\t\t<\/div>\n\t\t\t\t<\/div>\n\t\t\t\t\t<\/div>\n\t\t<\/div>\n\t\t\t\t\t<\/div>\n\t\t<\/section>\n\t\t\t\t<\/div>","protected":false},"excerpt":{"rendered":"<p>Hotel \u00cele Rousse Hotel 3 stelle La Pietra Cercate un'atmosfera accogliente e il benessere per le vostre prossime vacanze in Corsica? Perch\u00e9 non scoprire con noi la splendida citt\u00e0 di L'Ile-Rousse... Affacciata su uno dei pi\u00f9 bei golfi del Mediterraneo, nel nord-ovest della Corsica, nel cuore della regione della Balagne, L'Ile-Rousse \u00e8 una meta imperdibile [...].<\/p>","protected":false},"author":2,"featured_media":0,"parent":0,"menu_order":0,"comment_status":"closed","ping_status":"closed","template":"","meta":{"inline_featured_image":false,"footnotes":""},"class_list":["post-7519","page","type-page","status-publish","hentry"],"_links":{"self":[{"href":"https:\/\/www.hotel-lapietra.com\/it\/wp-json\/wp\/v2\/pages\/7519","targetHints":{"allow":["GET"]}}],"collection":[{"href":"https:\/\/www.hotel-lapietra.com\/it\/wp-json\/wp\/v2\/pages"}],"about":[{"href":"https:\/\/www.hotel-lapietra.com\/it\/wp-json\/wp\/v2\/types\/page"}],"author":[{"embeddable":true,"href":"https:\/\/www.hotel-lapietra.com\/it\/wp-json\/wp\/v2\/users\/2"}],"replies":[{"embeddable":true,"href":"https:\/\/www.hotel-lapietra.com\/it\/wp-json\/wp\/v2\/comments?post=7519"}],"version-history":[{"count":23,"href":"https:\/\/www.hotel-lapietra.com\/it\/wp-json\/wp\/v2\/pages\/7519\/revisions"}],"predecessor-version":[{"id":10109,"href":"https:\/\/www.hotel-lapietra.com\/it\/wp-json\/wp\/v2\/pages\/7519\/revisions\/10109"}],"wp:attachment":[{"href":"https:\/\/www.hotel-lapietra.com\/it\/wp-json\/wp\/v2\/media?parent=7519"}],"curies":[{"name":"wp","href":"https:\/\/api.w.org\/{rel}","templated":true}]}}