{"id":9614,"date":"2023-06-15T14:35:56","date_gmt":"2023-06-15T12:35:56","guid":{"rendered":"https:\/\/www.hotel-lapietra.com\/?page_id=9614"},"modified":"2023-06-15T15:15:06","modified_gmt":"2023-06-15T13:15:06","slug":"corsica-ile-rousse-4","status":"publish","type":"page","link":"https:\/\/www.hotel-lapietra.com\/it\/turismo-hotel-ile-rousse-corsica\/corsica-ile-rousse-4\/","title":{"rendered":"\u00cele-Rousse Corsica hotel sul mare"},"content":{"rendered":"<div data-elementor-type=\"wp-page\" data-elementor-id=\"9614\" class=\"elementor elementor-9614\" data-elementor-post-type=\"page\">\n\t\t\t\t\t\t<section class=\"elementor-section elementor-top-section elementor-element elementor-element-d6c7843 elementor-section-full_width elementor-section-height-min-height elementor-section-height-default elementor-section-items-middle\" data-id=\"d6c7843\" data-element_type=\"section\" data-settings=\"{&quot;background_background&quot;:&quot;classic&quot;}\">\n\t\t\t\t\t\t\t<div class=\"elementor-background-overlay\"><\/div>\n\t\t\t\t\t\t\t<div class=\"elementor-container elementor-column-gap-default\">\n\t\t\t\t\t<div class=\"elementor-column elementor-col-100 elementor-top-column elementor-element elementor-element-88bef6c\" data-id=\"88bef6c\" data-element_type=\"column\">\n\t\t\t<div class=\"elementor-widget-wrap elementor-element-populated\">\n\t\t\t\t\t\t\t<\/div>\n\t\t<\/div>\n\t\t\t\t\t<\/div>\n\t\t<\/section>\n\t\t\t\t<section class=\"elementor-section elementor-top-section elementor-element elementor-element-99f5059 elementor-section-boxed elementor-section-height-default elementor-section-height-default\" data-id=\"99f5059\" data-element_type=\"section\" data-settings=\"{&quot;background_background&quot;:&quot;classic&quot;}\">\n\t\t\t\t\t\t\t<div class=\"elementor-background-overlay\"><\/div>\n\t\t\t\t\t\t\t<div class=\"elementor-container elementor-column-gap-default\">\n\t\t\t\t\t<div class=\"elementor-column elementor-col-50 elementor-top-column elementor-element elementor-element-caa8998\" data-id=\"caa8998\" data-element_type=\"column\">\n\t\t\t<div class=\"elementor-widget-wrap elementor-element-populated\">\n\t\t\t\t\t\t<div class=\"elementor-element elementor-element-d9f3b11 elementor-widget elementor-widget-heading\" data-id=\"d9f3b11\" data-element_type=\"widget\" data-widget_type=\"heading.default\">\n\t\t\t\t<div class=\"elementor-widget-container\">\n\t\t\t\t\t<h2 class=\"elementor-heading-title elementor-size-default\">Un soggiorno paradisiaco a La Pietra H\u00f4tel \u00cele-Rousse Corse in riva al mare<\/h2>\t\t\t\t<\/div>\n\t\t\t\t<\/div>\n\t\t\t\t<div class=\"elementor-element elementor-element-fb25cbd elementor-widget elementor-widget-text-editor\" data-id=\"fb25cbd\" data-element_type=\"widget\" data-widget_type=\"text-editor.default\">\n\t\t\t\t<div class=\"elementor-widget-container\">\n\t\t\t\t\t\t\t\t\t<p><span style=\"font-weight: 400;\">Gli isolotti rocciosi di porfido rosso accanto alla citt\u00e0 sono immediatamente riconoscibili. Qui, nel cuore della regione della Balagne, <a href=\"https:\/\/www.hotel-lapietra.com\/it\/\">Albergo La Pietra<\/a> L'\u00cele-Rousse Corse sul mare offre tutti i piaceri di una vacanza su un'isola. Innanzitutto, uno splendido panorama che potrete ammirare dalle finestre delle nostre camere e suite. Comfort ed eleganza adornano i locali per offrirvi deliziosi momenti di benessere. In seguito, i sensi vengono trasportati ai quattro angoli del mondo e in Corsica, attraverso la cucina che guarnisce deliziosamente i piatti dello chef. Da <a href=\"https:\/\/www.hotel-lapietra.com\/it\/ristorante-la-pietra\/\">il nostro ristorante Le Cyprien<\/a>Rimarrete affascinati e stupiti dal mare blu scintillante che si estende a perdita d'occhio.<\/span><\/p>\t\t\t\t\t\t\t\t<\/div>\n\t\t\t\t<\/div>\n\t\t\t\t<section class=\"elementor-section elementor-inner-section elementor-element elementor-element-57b5f92 elementor-section-boxed elementor-section-height-default elementor-section-height-default\" data-id=\"57b5f92\" data-element_type=\"section\">\n\t\t\t\t\t\t<div class=\"elementor-container elementor-column-gap-default\">\n\t\t\t\t\t<div class=\"elementor-column elementor-col-100 elementor-inner-column elementor-element elementor-element-f4de202\" data-id=\"f4de202\" data-element_type=\"column\" data-settings=\"{&quot;background_background&quot;:&quot;classic&quot;}\">\n\t\t\t<div class=\"elementor-widget-wrap elementor-element-populated\">\n\t\t\t\t\t<div class=\"elementor-background-overlay\"><\/div>\n\t\t\t\t\t\t<div class=\"elementor-element elementor-element-e3cbca8 elementor-widget elementor-widget-spacer\" data-id=\"e3cbca8\" data-element_type=\"widget\" data-widget_type=\"spacer.default\">\n\t\t\t\t<div class=\"elementor-widget-container\">\n\t\t\t\t\t\t\t<div class=\"elementor-spacer\">\n\t\t\t<div class=\"elementor-spacer-inner\"><\/div>\n\t\t<\/div>\n\t\t\t\t\t\t<\/div>\n\t\t\t\t<\/div>\n\t\t\t\t\t<\/div>\n\t\t<\/div>\n\t\t\t\t\t<\/div>\n\t\t<\/section>\n\t\t\t\t<div class=\"elementor-element elementor-element-f0c852e elementor-widget elementor-widget-text-editor\" data-id=\"f0c852e\" data-element_type=\"widget\" data-widget_type=\"text-editor.default\">\n\t\t\t\t<div class=\"elementor-widget-container\">\n\t\t\t\t\t\t\t\t\t<p><span style=\"font-weight: 400;\">L'esplorazione della citt\u00e0 paolina pu\u00f2 iniziare dalla porta della nostra struttura, situata in posizione ideale sulla penisola. Una volta raggiunto l'ingresso del centro citt\u00e0 in pochi minuti a piedi, potrete girovagare a vostro piacimento per le strade acciottolate dai nomi storici. In Place Paoli, all'ombra di platani centenari, potrete rilassarvi e giocare una partita di p\u00e9tanque. A meno che non preferiate un drink rinfrescante in uno dei bar che costeggiano l'esplanade.<\/span><\/p><p>\u00a0<\/p><p><span style=\"font-weight: 400;\">L'\u00cele-Rousse svela i suoi tesori e delizia gli amanti della cultura e del patrimonio: la chiesa Immacul\u00e9e-Conception de Marie \u00e8 uno dei suoi gioielli. Anche la natura si unisce a queste ricchezze per rendere L'\u00cele-Rousse un luogo ideale da visitare. <a href=\"https:\/\/www.hotel-lapietra.com\/it\/turismo-hotel-ile-rousse-corsica\/spiaggia-di-lile-rousse\/\">l'\u00cele-Rousse<\/a> l'emblema dell'Haute-Corse, insieme alla vicina Calvi.<\/span><\/p>\t\t\t\t\t\t\t\t<\/div>\n\t\t\t\t<\/div>\n\t\t\t\t\t<\/div>\n\t\t<\/div>\n\t\t\t\t<div class=\"elementor-column elementor-col-50 elementor-top-column elementor-element elementor-element-0e33b50\" data-id=\"0e33b50\" data-element_type=\"column\">\n\t\t\t<div class=\"elementor-widget-wrap elementor-element-populated\">\n\t\t\t\t\t\t<div class=\"elementor-element elementor-element-eb64b02 elementor-widget elementor-widget-image\" data-id=\"eb64b02\" data-element_type=\"widget\" data-widget_type=\"image.default\">\n\t\t\t\t<div class=\"elementor-widget-container\">\n\t\t\t\t\t\t\t\t\t\t\t\t\t\t\t<img fetchpriority=\"high\" decoding=\"async\" width=\"1183\" height=\"887\" src=\"https:\/\/www.hotel-lapietra.com\/wp-content\/uploads\/2023\/06\/iStock-1166425609.jpg\" class=\"attachment-full size-full wp-image-9615\" alt=\"\" srcset=\"https:\/\/www.hotel-lapietra.com\/wp-content\/uploads\/2023\/06\/iStock-1166425609.jpg 1183w, https:\/\/www.hotel-lapietra.com\/wp-content\/uploads\/2023\/06\/iStock-1166425609-300x225.jpg 300w, https:\/\/www.hotel-lapietra.com\/wp-content\/uploads\/2023\/06\/iStock-1166425609-1024x768.jpg 1024w, https:\/\/www.hotel-lapietra.com\/wp-content\/uploads\/2023\/06\/iStock-1166425609-768x576.jpg 768w, https:\/\/www.hotel-lapietra.com\/wp-content\/uploads\/2023\/06\/iStock-1166425609-16x12.jpg 16w\" sizes=\"(max-width: 1183px) 100vw, 1183px\" title=\"Foto -\">\t\t\t\t\t\t\t\t\t\t\t\t\t\t\t<\/div>\n\t\t\t\t<\/div>\n\t\t\t\t\t<\/div>\n\t\t<\/div>\n\t\t\t\t\t<\/div>\n\t\t<\/section>\n\t\t\t\t<section class=\"elementor-section elementor-top-section elementor-element elementor-element-a644436 elementor-section-full_width elementor-section-height-default elementor-section-height-default\" data-id=\"a644436\" data-element_type=\"section\">\n\t\t\t\t\t\t<div class=\"elementor-container elementor-column-gap-default\">\n\t\t\t\t\t<div class=\"elementor-column elementor-col-100 elementor-top-column elementor-element elementor-element-f3e776b\" data-id=\"f3e776b\" data-element_type=\"column\">\n\t\t\t<div class=\"elementor-widget-wrap elementor-element-populated\">\n\t\t\t\t\t\t<section class=\"elementor-section elementor-inner-section elementor-element elementor-element-c8d6fd3 elementor-section-full_width elementor-reverse-tablet elementor-reverse-mobile elementor-section-height-default elementor-section-height-default\" data-id=\"c8d6fd3\" data-element_type=\"section\">\n\t\t\t\t\t\t<div class=\"elementor-container elementor-column-gap-default\">\n\t\t\t\t\t<div class=\"elementor-column elementor-col-50 elementor-inner-column elementor-element elementor-element-fe80958\" data-id=\"fe80958\" data-element_type=\"column\">\n\t\t\t<div class=\"elementor-widget-wrap elementor-element-populated\">\n\t\t\t\t\t\t<div class=\"elementor-element elementor-element-cf0869f elementor-widget elementor-widget-image\" data-id=\"cf0869f\" data-element_type=\"widget\" data-widget_type=\"image.default\">\n\t\t\t\t<div class=\"elementor-widget-container\">\n\t\t\t\t\t\t\t\t\t\t\t\t\t\t\t<img decoding=\"async\" width=\"1268\" height=\"827\" src=\"https:\/\/www.hotel-lapietra.com\/wp-content\/uploads\/2023\/06\/iStock-1025274728.jpg\" class=\"attachment-full size-full wp-image-9617\" alt=\"\" srcset=\"https:\/\/www.hotel-lapietra.com\/wp-content\/uploads\/2023\/06\/iStock-1025274728.jpg 1268w, https:\/\/www.hotel-lapietra.com\/wp-content\/uploads\/2023\/06\/iStock-1025274728-300x196.jpg 300w, https:\/\/www.hotel-lapietra.com\/wp-content\/uploads\/2023\/06\/iStock-1025274728-1024x668.jpg 1024w, https:\/\/www.hotel-lapietra.com\/wp-content\/uploads\/2023\/06\/iStock-1025274728-768x501.jpg 768w, https:\/\/www.hotel-lapietra.com\/wp-content\/uploads\/2023\/06\/iStock-1025274728-18x12.jpg 18w\" sizes=\"(max-width: 1268px) 100vw, 1268px\" title=\"Foto -\">\t\t\t\t\t\t\t\t\t\t\t\t\t\t\t<\/div>\n\t\t\t\t<\/div>\n\t\t\t\t\t<\/div>\n\t\t<\/div>\n\t\t\t\t<div class=\"elementor-column elementor-col-50 elementor-inner-column elementor-element elementor-element-dc3893d\" data-id=\"dc3893d\" data-element_type=\"column\">\n\t\t\t<div class=\"elementor-widget-wrap elementor-element-populated\">\n\t\t\t\t\t\t<div class=\"elementor-element elementor-element-b9e5ad5 elementor-widget elementor-widget-heading\" data-id=\"b9e5ad5\" data-element_type=\"widget\" data-widget_type=\"heading.default\">\n\t\t\t\t<div class=\"elementor-widget-container\">\n\t\t\t\t\t<h2 class=\"elementor-heading-title elementor-size-default\">Le spiagge di sabbia fine dell'\u00cele-Rousse, ai piedi dell'Hotel La Pietra<\/h2>\t\t\t\t<\/div>\n\t\t\t\t<\/div>\n\t\t\t\t<section class=\"elementor-section elementor-inner-section elementor-element elementor-element-f0ad62c elementor-section-boxed elementor-section-height-default elementor-section-height-default\" data-id=\"f0ad62c\" data-element_type=\"section\">\n\t\t\t\t\t\t<div class=\"elementor-container elementor-column-gap-default\">\n\t\t\t\t\t<div class=\"elementor-column elementor-col-100 elementor-inner-column elementor-element elementor-element-4a49317\" data-id=\"4a49317\" data-element_type=\"column\" data-settings=\"{&quot;background_background&quot;:&quot;classic&quot;}\">\n\t\t\t<div class=\"elementor-widget-wrap elementor-element-populated\">\n\t\t\t\t\t<div class=\"elementor-background-overlay\"><\/div>\n\t\t\t\t\t\t<div class=\"elementor-element elementor-element-4ab023e elementor-widget elementor-widget-spacer\" data-id=\"4ab023e\" data-element_type=\"widget\" data-widget_type=\"spacer.default\">\n\t\t\t\t<div class=\"elementor-widget-container\">\n\t\t\t\t\t\t\t<div class=\"elementor-spacer\">\n\t\t\t<div class=\"elementor-spacer-inner\"><\/div>\n\t\t<\/div>\n\t\t\t\t\t\t<\/div>\n\t\t\t\t<\/div>\n\t\t\t\t\t<\/div>\n\t\t<\/div>\n\t\t\t\t\t<\/div>\n\t\t<\/section>\n\t\t\t\t<div class=\"elementor-element elementor-element-3255694 elementor-widget elementor-widget-text-editor\" data-id=\"3255694\" data-element_type=\"widget\" data-widget_type=\"text-editor.default\">\n\t\t\t\t<div class=\"elementor-widget-container\">\n\t\t\t\t\t\t\t\t\t<p><span style=\"font-weight: 400;\">La raffinatezza del vostro hotel a Ile-Rousse, in Corsica, in riva al mare, con il paesaggio pittoresco della Balagne. Come un tocco di magia in pi\u00f9 alla vostra vacanza gi\u00e0 idilliaca, questo \u00e8 il regalo offerto dal litorale della citt\u00e0.<\/span><\/p><p>\u00a0<\/p><p><span style=\"font-weight: 400;\">Posate l'asciugamano a pochi passi dal centro citt\u00e0. Innanzitutto, lungo la Promenade Marinella, dove le acque cristalline di Plage Napol\u00e9on invitano tutta la famiglia a rinfrescarsi. Si estende per quasi 350 metri e termina con uno sperone roccioso che d\u00e0 origine alla spiaggia di Caruchettu. Pescatori di reti ed esploratori si dilettano con la vita marina ai piedi della barriera corallina.<\/span><\/p><p>\u00a0<\/p><p><span style=\"font-weight: 400;\">La magnifica spiaggia di Bodri si trova a pochi minuti di auto dall'Hotel La Pietra. Anche qui i colori vivaci della natura si fondono con il blu turchese dell'acqua e il verde intenso della gariga. Tra la macchia e la sabbia bianca, la vicina spiaggia di Ghjunchitu \u00e8 raggiungibile con una breve passeggiata. Altrettanto splendida, questa spiaggia vanta una sabbia tra le pi\u00f9 belle dell'Isola della Bellezza, che rende piacevole il relax. Dirigetevi poi verso sud per visitare le calette e gli altri punti di balneazione. Cala di Furnellu, Aregno e Punta di Spanu punteggiano gli eleganti arabeschi della costa balinese.<\/span><\/p><p>\u00a0<\/p><p><span style=\"font-weight: 400;\">Ma mentre aspettate le vostre prossime scoperte, il sole scende tranquillo, inondando l'orizzonte con i suoi colori sgargianti. \u00c8 uno spettacolo perpetuo di sconcertante bellezza che siamo felici di poter ammirare dal faro, a pochi passi dal nostro hotel sul lungomare di Ile Rousse, in Corsica.<\/span><\/p>\t\t\t\t\t\t\t\t<\/div>\n\t\t\t\t<\/div>\n\t\t\t\t<div class=\"elementor-element elementor-element-08219c8 elementor-widget elementor-widget-text-editor\" data-id=\"08219c8\" data-element_type=\"widget\" data-widget_type=\"text-editor.default\">\n\t\t\t\t<div class=\"elementor-widget-container\">\n\t\t\t\t\t\t\t\t\t<p>\u00a0<\/p><p>\u00a0<\/p>\t\t\t\t\t\t\t\t<\/div>\n\t\t\t\t<\/div>\n\t\t\t\t\t<\/div>\n\t\t<\/div>\n\t\t\t\t\t<\/div>\n\t\t<\/section>\n\t\t\t\t<section class=\"elementor-section elementor-inner-section elementor-element elementor-element-0b23527 elementor-section-height-min-height elementor-section-boxed elementor-section-height-default\" data-id=\"0b23527\" data-element_type=\"section\" data-settings=\"{&quot;background_background&quot;:&quot;classic&quot;}\">\n\t\t\t\t\t\t\t<div class=\"elementor-background-overlay\"><\/div>\n\t\t\t\t\t\t\t<div class=\"elementor-container elementor-column-gap-default\">\n\t\t\t\t\t<div class=\"elementor-column elementor-col-100 elementor-inner-column elementor-element elementor-element-73b4ee9\" data-id=\"73b4ee9\" data-element_type=\"column\">\n\t\t\t<div class=\"elementor-widget-wrap\">\n\t\t\t\t\t\t\t<\/div>\n\t\t<\/div>\n\t\t\t\t\t<\/div>\n\t\t<\/section>\n\t\t\t\t\t<\/div>\n\t\t<\/div>\n\t\t\t\t\t<\/div>\n\t\t<\/section>\n\t\t\t\t<section class=\"elementor-section elementor-top-section elementor-element elementor-element-4d54fe9 elementor-section-full_width elementor-section-height-default elementor-section-height-default\" data-id=\"4d54fe9\" data-element_type=\"section\" data-settings=\"{&quot;background_background&quot;:&quot;classic&quot;}\">\n\t\t\t\t\t\t\t<div class=\"elementor-background-overlay\"><\/div>\n\t\t\t\t\t\t\t<div class=\"elementor-container elementor-column-gap-narrow\">\n\t\t\t\t\t<div class=\"elementor-column elementor-col-100 elementor-top-column elementor-element elementor-element-de54cb7\" data-id=\"de54cb7\" data-element_type=\"column\">\n\t\t\t<div class=\"elementor-widget-wrap elementor-element-populated\">\n\t\t\t\t\t\t<div class=\"elementor-element elementor-element-0923c44 elementor-widget elementor-widget-heading\" data-id=\"0923c44\" data-element_type=\"widget\" data-widget_type=\"heading.default\">\n\t\t\t\t<div class=\"elementor-widget-container\">\n\t\t\t\t\t<h2 class=\"elementor-heading-title elementor-size-default\">Vedi anche<\/h2>\t\t\t\t<\/div>\n\t\t\t\t<\/div>\n\t\t\t\t<section class=\"elementor-section elementor-inner-section elementor-element elementor-element-575b2ba elementor-section-boxed elementor-section-height-default elementor-section-height-default\" data-id=\"575b2ba\" data-element_type=\"section\">\n\t\t\t\t\t\t<div class=\"elementor-container elementor-column-gap-default\">\n\t\t\t\t\t<div class=\"elementor-column elementor-col-33 elementor-inner-column elementor-element elementor-element-5713d81\" data-id=\"5713d81\" data-element_type=\"column\">\n\t\t\t<div class=\"elementor-widget-wrap elementor-element-populated\">\n\t\t\t\t\t\t<div class=\"elementor-element elementor-element-5ddba2b elementor-widget elementor-widget-image\" data-id=\"5ddba2b\" data-element_type=\"widget\" data-widget_type=\"image.default\">\n\t\t\t\t<div class=\"elementor-widget-container\">\n\t\t\t\t\t\t\t\t\t\t\t\t\t\t\t<img decoding=\"async\" width=\"2121\" height=\"1414\" src=\"https:\/\/www.hotel-lapietra.com\/wp-content\/uploads\/2023\/01\/Speloncato-balagne.jpg\" class=\"attachment-full size-full wp-image-7993\" alt=\"foto-villaggio-speloncato-hotel-balagne\" srcset=\"https:\/\/www.hotel-lapietra.com\/wp-content\/uploads\/2023\/01\/Speloncato-balagne.jpg 2121w, https:\/\/www.hotel-lapietra.com\/wp-content\/uploads\/2023\/01\/Speloncato-balagne-300x200.jpg 300w, https:\/\/www.hotel-lapietra.com\/wp-content\/uploads\/2023\/01\/Speloncato-balagne-1024x683.jpg 1024w, https:\/\/www.hotel-lapietra.com\/wp-content\/uploads\/2023\/01\/Speloncato-balagne-768x512.jpg 768w, https:\/\/www.hotel-lapietra.com\/wp-content\/uploads\/2023\/01\/Speloncato-balagne-1536x1024.jpg 1536w, https:\/\/www.hotel-lapietra.com\/wp-content\/uploads\/2023\/01\/Speloncato-balagne-2048x1365.jpg 2048w, https:\/\/www.hotel-lapietra.com\/wp-content\/uploads\/2023\/01\/Speloncato-balagne-18x12.jpg 18w\" sizes=\"(max-width: 2121px) 100vw, 2121px\" title=\"Foto -\">\t\t\t\t\t\t\t\t\t\t\t\t\t\t\t<\/div>\n\t\t\t\t<\/div>\n\t\t\t\t<div class=\"elementor-element elementor-element-6c8c34c elementor-widget elementor-widget-heading\" data-id=\"6c8c34c\" data-element_type=\"widget\" data-widget_type=\"heading.default\">\n\t\t\t\t<div class=\"elementor-widget-container\">\n\t\t\t\t\t<h3 class=\"elementor-heading-title elementor-size-default\">La Balagne<\/h3>\t\t\t\t<\/div>\n\t\t\t\t<\/div>\n\t\t\t\t<div class=\"elementor-element elementor-element-d03aa0b elementor-align-center elementor-widget elementor-widget-button\" data-id=\"d03aa0b\" data-element_type=\"widget\" data-widget_type=\"button.default\">\n\t\t\t\t<div class=\"elementor-widget-container\">\n\t\t\t\t\t\t\t\t\t<div class=\"elementor-button-wrapper\">\n\t\t\t\t\t<a class=\"elementor-button elementor-button-link elementor-size-sm\" href=\"https:\/\/www.hotel-lapietra.com\/it\/turismo-hotel-ile-rousse-corsica\/hotel-balagne-balagne\/\">\n\t\t\t\t\t\t<span class=\"elementor-button-content-wrapper\">\n\t\t\t\t\t\t\t\t\t<span class=\"elementor-button-text\">Per saperne di pi\u00f9<\/span>\n\t\t\t\t\t<\/span>\n\t\t\t\t\t<\/a>\n\t\t\t\t<\/div>\n\t\t\t\t\t\t\t\t<\/div>\n\t\t\t\t<\/div>\n\t\t\t\t\t<\/div>\n\t\t<\/div>\n\t\t\t\t<div class=\"elementor-column elementor-col-33 elementor-inner-column elementor-element elementor-element-4895b0f\" data-id=\"4895b0f\" data-element_type=\"column\">\n\t\t\t<div class=\"elementor-widget-wrap elementor-element-populated\">\n\t\t\t\t\t\t<div class=\"elementor-element elementor-element-125e731 elementor-widget elementor-widget-image\" data-id=\"125e731\" data-element_type=\"widget\" data-widget_type=\"image.default\">\n\t\t\t\t<div class=\"elementor-widget-container\">\n\t\t\t\t\t\t\t\t\t\t\t\t\t\t\t<img loading=\"lazy\" decoding=\"async\" width=\"2121\" height=\"1414\" src=\"https:\/\/www.hotel-lapietra.com\/wp-content\/uploads\/2023\/01\/ile-rousse.jpg\" class=\"attachment-full size-full wp-image-7980\" alt=\"foto-pagamento-ile-rousse-hotel\" srcset=\"https:\/\/www.hotel-lapietra.com\/wp-content\/uploads\/2023\/01\/ile-rousse.jpg 2121w, https:\/\/www.hotel-lapietra.com\/wp-content\/uploads\/2023\/01\/ile-rousse-300x200.jpg 300w, https:\/\/www.hotel-lapietra.com\/wp-content\/uploads\/2023\/01\/ile-rousse-1024x683.jpg 1024w, https:\/\/www.hotel-lapietra.com\/wp-content\/uploads\/2023\/01\/ile-rousse-768x512.jpg 768w, https:\/\/www.hotel-lapietra.com\/wp-content\/uploads\/2023\/01\/ile-rousse-1536x1024.jpg 1536w, https:\/\/www.hotel-lapietra.com\/wp-content\/uploads\/2023\/01\/ile-rousse-2048x1365.jpg 2048w, https:\/\/www.hotel-lapietra.com\/wp-content\/uploads\/2023\/01\/ile-rousse-18x12.jpg 18w\" sizes=\"(max-width: 2121px) 100vw, 2121px\" title=\"Foto -\">\t\t\t\t\t\t\t\t\t\t\t\t\t\t\t<\/div>\n\t\t\t\t<\/div>\n\t\t\t\t<div class=\"elementor-element elementor-element-ff23c54 elementor-widget elementor-widget-heading\" data-id=\"ff23c54\" data-element_type=\"widget\" data-widget_type=\"heading.default\">\n\t\t\t\t<div class=\"elementor-widget-container\">\n\t\t\t\t\t<h3 class=\"elementor-heading-title elementor-size-default\">L'isola rossa<\/h3>\t\t\t\t<\/div>\n\t\t\t\t<\/div>\n\t\t\t\t<div class=\"elementor-element elementor-element-87e84c4 elementor-align-center elementor-widget elementor-widget-button\" data-id=\"87e84c4\" data-element_type=\"widget\" data-widget_type=\"button.default\">\n\t\t\t\t<div class=\"elementor-widget-container\">\n\t\t\t\t\t\t\t\t\t<div class=\"elementor-button-wrapper\">\n\t\t\t\t\t<a class=\"elementor-button elementor-button-link elementor-size-sm\" href=\"https:\/\/www.hotel-lapietra.com\/it\/turismo-hotel-ile-rousse-corsica\/spiaggia-di-lile-rousse\/\">\n\t\t\t\t\t\t<span class=\"elementor-button-content-wrapper\">\n\t\t\t\t\t\t\t\t\t<span class=\"elementor-button-text\">Per saperne di pi\u00f9<\/span>\n\t\t\t\t\t<\/span>\n\t\t\t\t\t<\/a>\n\t\t\t\t<\/div>\n\t\t\t\t\t\t\t\t<\/div>\n\t\t\t\t<\/div>\n\t\t\t\t\t<\/div>\n\t\t<\/div>\n\t\t\t\t<div class=\"elementor-column elementor-col-33 elementor-inner-column elementor-element elementor-element-05882db\" data-id=\"05882db\" data-element_type=\"column\">\n\t\t\t<div class=\"elementor-widget-wrap elementor-element-populated\">\n\t\t\t\t\t\t<div class=\"elementor-element elementor-element-ee5700d elementor-widget elementor-widget-image\" data-id=\"ee5700d\" data-element_type=\"widget\" data-widget_type=\"image.default\">\n\t\t\t\t<div class=\"elementor-widget-container\">\n\t\t\t\t\t\t\t\t\t\t\t\t\t\t\t<img loading=\"lazy\" decoding=\"async\" width=\"2311\" height=\"1297\" src=\"https:\/\/www.hotel-lapietra.com\/wp-content\/uploads\/2023\/01\/corse-1.jpg\" class=\"attachment-full size-full wp-image-7976\" alt=\"foto-cote-corse-ile-rousse\" srcset=\"https:\/\/www.hotel-lapietra.com\/wp-content\/uploads\/2023\/01\/corse-1.jpg 2311w, https:\/\/www.hotel-lapietra.com\/wp-content\/uploads\/2023\/01\/corse-1-300x168.jpg 300w, https:\/\/www.hotel-lapietra.com\/wp-content\/uploads\/2023\/01\/corse-1-1024x575.jpg 1024w, https:\/\/www.hotel-lapietra.com\/wp-content\/uploads\/2023\/01\/corse-1-768x431.jpg 768w, https:\/\/www.hotel-lapietra.com\/wp-content\/uploads\/2023\/01\/corse-1-1536x862.jpg 1536w, https:\/\/www.hotel-lapietra.com\/wp-content\/uploads\/2023\/01\/corse-1-2048x1149.jpg 2048w, https:\/\/www.hotel-lapietra.com\/wp-content\/uploads\/2023\/01\/corse-1-18x10.jpg 18w\" sizes=\"(max-width: 2311px) 100vw, 2311px\" title=\"Foto -\">\t\t\t\t\t\t\t\t\t\t\t\t\t\t\t<\/div>\n\t\t\t\t<\/div>\n\t\t\t\t<div class=\"elementor-element elementor-element-03ecb3d elementor-widget elementor-widget-heading\" data-id=\"03ecb3d\" data-element_type=\"widget\" data-widget_type=\"heading.default\">\n\t\t\t\t<div class=\"elementor-widget-container\">\n\t\t\t\t\t<h3 class=\"elementor-heading-title elementor-size-default\"><a href=\"https:\/\/www.hotel-lapietra.com\/it\/turismo-hotel-ile-rousse-corsica\/\">Turismo<\/a><\/h3>\t\t\t\t<\/div>\n\t\t\t\t<\/div>\n\t\t\t\t<div class=\"elementor-element elementor-element-8e54395 elementor-align-center elementor-widget elementor-widget-button\" data-id=\"8e54395\" data-element_type=\"widget\" data-widget_type=\"button.default\">\n\t\t\t\t<div class=\"elementor-widget-container\">\n\t\t\t\t\t\t\t\t\t<div class=\"elementor-button-wrapper\">\n\t\t\t\t\t<a class=\"elementor-button elementor-button-link elementor-size-sm\" href=\"#\">\n\t\t\t\t\t\t<span class=\"elementor-button-content-wrapper\">\n\t\t\t\t\t\t\t\t\t<span class=\"elementor-button-text\">Per saperne di pi\u00f9<\/span>\n\t\t\t\t\t<\/span>\n\t\t\t\t\t<\/a>\n\t\t\t\t<\/div>\n\t\t\t\t\t\t\t\t<\/div>\n\t\t\t\t<\/div>\n\t\t\t\t\t<\/div>\n\t\t<\/div>\n\t\t\t\t\t<\/div>\n\t\t<\/section>\n\t\t\t\t\t<\/div>\n\t\t<\/div>\n\t\t\t\t\t<\/div>\n\t\t<\/section>\n\t\t\t\t<\/div>","protected":false},"excerpt":{"rendered":"<p>Un soggiorno paradisiaco a La Pietra H\u00f4tel \u00cele-Rousse Corse en bord de mer Gli isolotti rocciosi di porfido rosso accanto alla citt\u00e0 sono immediatamente riconoscibili. Qui, nel cuore della Balagne, La Pietra H\u00f4tel \u00cele-Rousse Corse en bord de mer offre tutti i piaceri di una vacanza sull'isola. Innanzitutto, uno splendido panorama che si pu\u00f2 ammirare dalla [...]<\/p>","protected":false},"author":7,"featured_media":0,"parent":368,"menu_order":0,"comment_status":"closed","ping_status":"closed","template":"","meta":{"inline_featured_image":false,"footnotes":""},"class_list":["post-9614","page","type-page","status-publish","hentry"],"_links":{"self":[{"href":"https:\/\/www.hotel-lapietra.com\/it\/wp-json\/wp\/v2\/pages\/9614","targetHints":{"allow":["GET"]}}],"collection":[{"href":"https:\/\/www.hotel-lapietra.com\/it\/wp-json\/wp\/v2\/pages"}],"about":[{"href":"https:\/\/www.hotel-lapietra.com\/it\/wp-json\/wp\/v2\/types\/page"}],"author":[{"embeddable":true,"href":"https:\/\/www.hotel-lapietra.com\/it\/wp-json\/wp\/v2\/users\/7"}],"replies":[{"embeddable":true,"href":"https:\/\/www.hotel-lapietra.com\/it\/wp-json\/wp\/v2\/comments?post=9614"}],"version-history":[{"count":16,"href":"https:\/\/www.hotel-lapietra.com\/it\/wp-json\/wp\/v2\/pages\/9614\/revisions"}],"predecessor-version":[{"id":9638,"href":"https:\/\/www.hotel-lapietra.com\/it\/wp-json\/wp\/v2\/pages\/9614\/revisions\/9638"}],"up":[{"embeddable":true,"href":"https:\/\/www.hotel-lapietra.com\/it\/wp-json\/wp\/v2\/pages\/368"}],"wp:attachment":[{"href":"https:\/\/www.hotel-lapietra.com\/it\/wp-json\/wp\/v2\/media?parent=9614"}],"curies":[{"name":"wp","href":"https:\/\/api.w.org\/{rel}","templated":true}]}}